{"id":7619,"date":"2023-06-05T15:23:28","date_gmt":"2023-06-05T15:23:28","guid":{"rendered":"https:\/\/old.skyhighdominicana.com\/?page_id=7619"},"modified":"2023-06-07T10:49:15","modified_gmt":"2023-06-07T10:49:15","slug":"legal","status":"publish","type":"page","link":"https:\/\/old.skyhighdominicana.com\/fr\/legal\/","title":{"rendered":"Juridique"},"content":{"rendered":"<div data-elementor-type=\"wp-page\" data-elementor-id=\"7619\" class=\"elementor elementor-7619\" data-elementor-post-type=\"page\">\n\t\t\t\t<div class=\"elementor-element elementor-element-edcb25c e-flex e-con-boxed e-con e-parent\" data-id=\"edcb25c\" data-element_type=\"container\" data-e-type=\"container\">\n\t\t\t\t\t<div class=\"e-con-inner\">\n\t\t<a class=\"elementor-element elementor-element-30ab85a e-con-full e-flex e-con e-parent\" data-id=\"30ab85a\" data-element_type=\"container\" data-e-type=\"container\" data-settings=\"{&quot;background_background&quot;:&quot;classic&quot;}\" href=\"#\">\n\t\t\t\t<div class=\"elementor-element elementor-element-1f95158 elementor-widget-mobile__width-initial elementor-widget elementor-widget-image\" data-id=\"1f95158\" data-element_type=\"widget\" data-e-type=\"widget\" data-widget_type=\"image.default\">\n\t\t\t\t<div class=\"elementor-widget-container\">\n\t\t\t\t\t\t\t\t\t\t\t\t\t\t\t<img decoding=\"async\" src=\"https:\/\/old.skyhighdominicana.com\/wp-content\/uploads\/2023\/04\/SKYhigh-Conoce-nuestras-ofertas-exclusivas-SKYhigh.svg\" title=\"Offres chez SKYhigh Aviation Services Dominicain\" alt=\"Ofertas en SKYhigh Aviation Services Dominicana\" loading=\"lazy\" \/>\t\t\t\t\t\t\t\t\t\t\t\t\t\t\t<\/div>\n\t\t\t\t<\/div>\n\t\t<div class=\"elementor-element elementor-element-ae67610 e-con-full e-flex e-con e-parent\" data-id=\"ae67610\" data-element_type=\"container\" data-e-type=\"container\">\n\t\t\t\t<div class=\"elementor-element elementor-element-c4d428e elementor-widget elementor-widget-heading\" data-id=\"c4d428e\" data-element_type=\"widget\" data-e-type=\"widget\" data-widget_type=\"heading.default\">\n\t\t\t\t<div class=\"elementor-widget-container\">\n\t\t\t\t\t<h2 class=\"elementor-heading-title elementor-size-default\">Termes et conditions<\/h2>\t\t\t\t<\/div>\n\t\t\t\t<\/div>\n\t\t\t\t<div class=\"elementor-element elementor-element-abd23b8 elementor-widget elementor-widget-text-editor\" data-id=\"abd23b8\" data-element_type=\"widget\" data-e-type=\"widget\" data-widget_type=\"text-editor.default\">\n\t\t\t\t<div class=\"elementor-widget-container\">\n\t\t\t\t\t\t\t\t\t\nConsultez nos termes et conditions.\t\t\t\t\t\t\t\t<\/div>\n\t\t\t\t<\/div>\n\t\t\t\t<\/div>\n\t\t\t\t<div class=\"elementor-element elementor-element-4405d05 elementor-widget-mobile__width-inherit elementor-hidden-mobile elementor-view-default elementor-widget elementor-widget-icon\" data-id=\"4405d05\" data-element_type=\"widget\" data-e-type=\"widget\" data-widget_type=\"icon.default\">\n\t\t\t\t<div class=\"elementor-widget-container\">\n\t\t\t\t\t\t\t<div class=\"elementor-icon-wrapper\">\n\t\t\t<div class=\"elementor-icon\">\n\t\t\t<svg aria-hidden=\"true\" class=\"e-font-icon-svg e-fas-chevron-right\" viewbox=\"0 0 320 512\" xmlns=\"http:\/\/www.w3.org\/2000\/svg\"><path d=\"M285.476 272.971L91.132 467.314c-9.373 9.373-24.569 9.373-33.941 0l-22.667-22.667c-9.357-9.357-9.375-24.522-.04-33.901L188.505 256 34.484 101.255c-9.335-9.379-9.317-24.544.04-33.901l22.667-22.667c9.373-9.373 24.569-9.373 33.941 0L285.475 239.03c9.373 9.372 9.373 24.568.001 33.941z\"><\/path><\/svg>\t\t\t<\/div>\n\t\t<\/div>\n\t\t\t\t\t\t<\/div>\n\t\t\t\t<\/div>\n\t\t\t\t<\/a>\n\t\t<a class=\"elementor-element elementor-element-f61e9e3 e-con-full e-flex e-con e-parent\" data-id=\"f61e9e3\" data-element_type=\"container\" data-e-type=\"container\" data-settings=\"{&quot;background_background&quot;:&quot;classic&quot;}\" href=\"#\">\n\t\t\t\t<div class=\"elementor-element elementor-element-0da9277 elementor-widget-mobile__width-initial elementor-widget elementor-widget-image\" data-id=\"0da9277\" data-element_type=\"widget\" data-e-type=\"widget\" data-widget_type=\"image.default\">\n\t\t\t\t<div class=\"elementor-widget-container\">\n\t\t\t\t\t\t\t\t\t\t\t\t\t\t\t<img decoding=\"async\" src=\"https:\/\/old.skyhighdominicana.com\/wp-content\/uploads\/2023\/04\/SKYhigh-Avisos-de-interes-SKYhigh.svg\" title=\"SKYhigh Aviation Services Dominicaine\" alt=\"SKYhigh Aviation Services Dominicana\" loading=\"lazy\" \/>\t\t\t\t\t\t\t\t\t\t\t\t\t\t\t<\/div>\n\t\t\t\t<\/div>\n\t\t<div class=\"elementor-element elementor-element-5200b75 e-con-full e-flex e-con e-parent\" data-id=\"5200b75\" data-element_type=\"container\" data-e-type=\"container\">\n\t\t\t\t<div class=\"elementor-element elementor-element-a0e8d1f elementor-widget elementor-widget-heading\" data-id=\"a0e8d1f\" data-element_type=\"widget\" data-e-type=\"widget\" data-widget_type=\"heading.default\">\n\t\t\t\t<div class=\"elementor-widget-container\">\n\t\t\t\t\t<h2 class=\"elementor-heading-title elementor-size-default\">Plan de long retard de piste<\/h2>\t\t\t\t<\/div>\n\t\t\t\t<\/div>\n\t\t\t\t<div class=\"elementor-element elementor-element-c431a46 elementor-widget elementor-widget-text-editor\" data-id=\"c431a46\" data-element_type=\"widget\" data-e-type=\"widget\" data-widget_type=\"text-editor.default\">\n\t\t\t\t<div class=\"elementor-widget-container\">\n\t\t\t\t\t\t\t\t\tCopa Airlines a un plan d&#039;urgence pour les longs retards sur le tarmac.\t\t\t\t\t\t\t\t<\/div>\n\t\t\t\t<\/div>\n\t\t\t\t<\/div>\n\t\t\t\t<div class=\"elementor-element elementor-element-d1d7556 elementor-widget-mobile__width-inherit elementor-hidden-mobile elementor-view-default elementor-widget elementor-widget-icon\" data-id=\"d1d7556\" data-element_type=\"widget\" data-e-type=\"widget\" data-widget_type=\"icon.default\">\n\t\t\t\t<div class=\"elementor-widget-container\">\n\t\t\t\t\t\t\t<div class=\"elementor-icon-wrapper\">\n\t\t\t<div class=\"elementor-icon\">\n\t\t\t<svg aria-hidden=\"true\" class=\"e-font-icon-svg e-fas-chevron-right\" viewbox=\"0 0 320 512\" xmlns=\"http:\/\/www.w3.org\/2000\/svg\"><path d=\"M285.476 272.971L91.132 467.314c-9.373 9.373-24.569 9.373-33.941 0l-22.667-22.667c-9.357-9.357-9.375-24.522-.04-33.901L188.505 256 34.484 101.255c-9.335-9.379-9.317-24.544.04-33.901l22.667-22.667c9.373-9.373 24.569-9.373 33.941 0L285.475 239.03c9.373 9.372 9.373 24.568.001 33.941z\"><\/path><\/svg>\t\t\t<\/div>\n\t\t<\/div>\n\t\t\t\t\t\t<\/div>\n\t\t\t\t<\/div>\n\t\t\t\t<\/a>\n\t\t\t\t\t<\/div>\n\t\t\t\t<\/div>\n\t\t<div class=\"elementor-element elementor-element-146b6c7 e-flex e-con-boxed e-con e-parent\" data-id=\"146b6c7\" data-element_type=\"container\" data-e-type=\"container\">\n\t\t\t\t\t<div class=\"e-con-inner\">\n\t\t<a class=\"elementor-element elementor-element-c52263f e-con-full e-flex e-con e-parent\" data-id=\"c52263f\" data-element_type=\"container\" data-e-type=\"container\" data-settings=\"{&quot;background_background&quot;:&quot;classic&quot;}\" href=\"#\">\n\t\t\t\t<div class=\"elementor-element elementor-element-40c2ff2 elementor-widget-mobile__width-initial elementor-widget elementor-widget-image\" data-id=\"40c2ff2\" data-element_type=\"widget\" data-e-type=\"widget\" data-widget_type=\"image.default\">\n\t\t\t\t<div class=\"elementor-widget-container\">\n\t\t\t\t\t\t\t\t\t\t\t\t\t\t\t<img decoding=\"async\" src=\"https:\/\/old.skyhighdominicana.com\/wp-content\/uploads\/2023\/04\/SKYhigh-Conoce-nuestras-ofertas-exclusivas-SKYhigh.svg\" title=\"Offres chez SKYhigh Aviation Services Dominicain\" alt=\"Ofertas en SKYhigh Aviation Services Dominicana\" loading=\"lazy\" \/>\t\t\t\t\t\t\t\t\t\t\t\t\t\t\t<\/div>\n\t\t\t\t<\/div>\n\t\t<div class=\"elementor-element elementor-element-1246c72 e-con-full e-flex e-con e-parent\" data-id=\"1246c72\" data-element_type=\"container\" data-e-type=\"container\">\n\t\t\t\t<div class=\"elementor-element elementor-element-4d72da3 elementor-widget elementor-widget-heading\" data-id=\"4d72da3\" data-element_type=\"widget\" data-e-type=\"widget\" data-widget_type=\"heading.default\">\n\t\t\t\t<div class=\"elementor-widget-container\">\n\t\t\t\t\t<h2 class=\"elementor-heading-title elementor-size-default\">Engagement avec le client<\/h2>\t\t\t\t<\/div>\n\t\t\t\t<\/div>\n\t\t\t\t<div class=\"elementor-element elementor-element-b9a59dc elementor-widget elementor-widget-text-editor\" data-id=\"b9a59dc\" data-element_type=\"widget\" data-e-type=\"widget\" data-widget_type=\"text-editor.default\">\n\t\t\t\t<div class=\"elementor-widget-container\">\n\t\t\t\t\t\t\t\t\tNous nous engageons \u00e0 offrir une exp\u00e9rience de voyage s\u00fbre et confortable \u00e0 tous nos passagers.\t\t\t\t\t\t\t\t<\/div>\n\t\t\t\t<\/div>\n\t\t\t\t<\/div>\n\t\t\t\t<div class=\"elementor-element elementor-element-044347e elementor-widget-mobile__width-inherit elementor-hidden-mobile elementor-view-default elementor-widget elementor-widget-icon\" data-id=\"044347e\" data-element_type=\"widget\" data-e-type=\"widget\" data-widget_type=\"icon.default\">\n\t\t\t\t<div class=\"elementor-widget-container\">\n\t\t\t\t\t\t\t<div class=\"elementor-icon-wrapper\">\n\t\t\t<div class=\"elementor-icon\">\n\t\t\t<svg aria-hidden=\"true\" class=\"e-font-icon-svg e-fas-chevron-right\" viewbox=\"0 0 320 512\" xmlns=\"http:\/\/www.w3.org\/2000\/svg\"><path d=\"M285.476 272.971L91.132 467.314c-9.373 9.373-24.569 9.373-33.941 0l-22.667-22.667c-9.357-9.357-9.375-24.522-.04-33.901L188.505 256 34.484 101.255c-9.335-9.379-9.317-24.544.04-33.901l22.667-22.667c9.373-9.373 24.569-9.373 33.941 0L285.475 239.03c9.373 9.372 9.373 24.568.001 33.941z\"><\/path><\/svg>\t\t\t<\/div>\n\t\t<\/div>\n\t\t\t\t\t\t<\/div>\n\t\t\t\t<\/div>\n\t\t\t\t<\/a>\n\t\t<a class=\"elementor-element elementor-element-e6914eb e-con-full e-flex e-con e-parent\" data-id=\"e6914eb\" data-element_type=\"container\" data-e-type=\"container\" data-settings=\"{&quot;background_background&quot;:&quot;classic&quot;}\" href=\"#\">\n\t\t\t\t<div class=\"elementor-element elementor-element-fea6a03 elementor-widget-mobile__width-initial elementor-widget elementor-widget-image\" data-id=\"fea6a03\" data-element_type=\"widget\" data-e-type=\"widget\" data-widget_type=\"image.default\">\n\t\t\t\t<div class=\"elementor-widget-container\">\n\t\t\t\t\t\t\t\t\t\t\t\t\t\t\t<img decoding=\"async\" src=\"https:\/\/old.skyhighdominicana.com\/wp-content\/uploads\/2023\/04\/SKYhigh-Avisos-de-interes-SKYhigh.svg\" title=\"SKYhigh Aviation Services Dominicaine\" alt=\"SKYhigh Aviation Services Dominicana\" loading=\"lazy\" \/>\t\t\t\t\t\t\t\t\t\t\t\t\t\t\t<\/div>\n\t\t\t\t<\/div>\n\t\t<div class=\"elementor-element elementor-element-90aa234 e-con-full e-flex e-con e-parent\" data-id=\"90aa234\" data-element_type=\"container\" data-e-type=\"container\">\n\t\t\t\t<div class=\"elementor-element elementor-element-faa0360 elementor-widget elementor-widget-heading\" data-id=\"faa0360\" data-element_type=\"widget\" data-e-type=\"widget\" data-widget_type=\"heading.default\">\n\t\t\t\t<div class=\"elementor-widget-container\">\n\t\t\t\t\t<h2 class=\"elementor-heading-title elementor-size-default\">Information l\u00e9gale<\/h2>\t\t\t\t<\/div>\n\t\t\t\t<\/div>\n\t\t\t\t<div class=\"elementor-element elementor-element-b174dfb elementor-widget elementor-widget-text-editor\" data-id=\"b174dfb\" data-element_type=\"widget\" data-e-type=\"widget\" data-widget_type=\"text-editor.default\">\n\t\t\t\t<div class=\"elementor-widget-container\">\n\t\t\t\t\t\t\t\t\tInformations l\u00e9gales relatives \u00e0 votre vol.\t\t\t\t\t\t\t\t<\/div>\n\t\t\t\t<\/div>\n\t\t\t\t<\/div>\n\t\t\t\t<div class=\"elementor-element elementor-element-a632f9d elementor-widget-mobile__width-inherit elementor-hidden-mobile elementor-view-default elementor-widget elementor-widget-icon\" data-id=\"a632f9d\" data-element_type=\"widget\" data-e-type=\"widget\" data-widget_type=\"icon.default\">\n\t\t\t\t<div class=\"elementor-widget-container\">\n\t\t\t\t\t\t\t<div class=\"elementor-icon-wrapper\">\n\t\t\t<div class=\"elementor-icon\">\n\t\t\t<svg aria-hidden=\"true\" class=\"e-font-icon-svg e-fas-chevron-right\" viewbox=\"0 0 320 512\" xmlns=\"http:\/\/www.w3.org\/2000\/svg\"><path d=\"M285.476 272.971L91.132 467.314c-9.373 9.373-24.569 9.373-33.941 0l-22.667-22.667c-9.357-9.357-9.375-24.522-.04-33.901L188.505 256 34.484 101.255c-9.335-9.379-9.317-24.544.04-33.901l22.667-22.667c9.373-9.373 24.569-9.373 33.941 0L285.475 239.03c9.373 9.372 9.373 24.568.001 33.941z\"><\/path><\/svg>\t\t\t<\/div>\n\t\t<\/div>\n\t\t\t\t\t\t<\/div>\n\t\t\t\t<\/div>\n\t\t\t\t<\/a>\n\t\t\t\t\t<\/div>\n\t\t\t\t<\/div>\n\t\t\t\t<\/div>","protected":false},"excerpt":{"rendered":"<p>Termes et conditions Consultez nos termes et conditions. Plan de long retard de piste Copa Airlines a un plan d&#039;urgence pour les longs retards de piste. Engagement du client Nous nous engageons \u00e0 fournir une exp\u00e9rience de voyage s\u00fbre et confortable \u00e0 tous nos passagers. Informations l\u00e9gales Informations l\u00e9gales relatives \u00e0 votre vol.<\/p>","protected":false},"author":1,"featured_media":0,"parent":0,"menu_order":0,"comment_status":"closed","ping_status":"closed","template":"","meta":{"content-type":"","footnotes":""},"class_list":["post-7619","page","type-page","status-publish","hentry","entry"],"yoast_head":"<!-- This site is optimized with the Yoast SEO plugin v22.6 - https:\/\/yoast.com\/wordpress\/plugins\/seo\/ -->\n<title>Legal - SKYhigh Aviation Services Dominicana S.A.<\/title>\n<meta name=\"robots\" content=\"noindex, follow, max-snippet:-1, max-image-preview:large, max-video-preview:-1\" \/>\n<meta property=\"og:locale\" content=\"fr_FR\" \/>\n<meta property=\"og:type\" content=\"article\" \/>\n<meta property=\"og:title\" content=\"Legal - SKYhigh Aviation Services Dominicana S.A.\" \/>\n<meta property=\"og:description\" content=\"T\u00e9rminos y condiciones Revise nuestros t\u00e9rminos y condiciones. Plan de demoras prolongadas en pista Copa Airlines tiene un plan de contingencia para demoras prolongadas en la pista. Compromiso con el cliente Nos comprometemos a brindar una experiencia de viaje segura y c\u00f3moda a todos nuestros pasajeros. Informaci\u00f3n Legal Informaci\u00f3n legal relevante a su vuelo.\" \/>\n<meta property=\"og:url\" content=\"https:\/\/old.skyhighdominicana.com\/fr\/legal\/\" \/>\n<meta property=\"og:site_name\" content=\"SKYhigh Aviation Services Dominicana S.A.\" \/>\n<meta property=\"article:modified_time\" content=\"2023-06-07T10:49:15+00:00\" \/>\n<meta property=\"og:image\" content=\"http:\/\/old.skyhighdominicana.com\/wp-content\/uploads\/2023\/04\/SKYhigh-Conoce-nuestras-ofertas-exclusivas-SKYhigh.svg\" \/>\n<meta name=\"twitter:card\" content=\"summary_large_image\" \/>\n<script type=\"application\/ld+json\" class=\"yoast-schema-graph\">{\"@context\":\"https:\/\/schema.org\",\"@graph\":[{\"@type\":\"WebPage\",\"@id\":\"https:\/\/old.skyhighdominicana.com\/legal\/\",\"url\":\"https:\/\/old.skyhighdominicana.com\/legal\/\",\"name\":\"Legal - SKYhigh Aviation Services Dominicana S.A.\",\"isPartOf\":{\"@id\":\"https:\/\/old.skyhighdominicana.com\/#website\"},\"primaryImageOfPage\":{\"@id\":\"https:\/\/old.skyhighdominicana.com\/legal\/#primaryimage\"},\"image\":{\"@id\":\"https:\/\/old.skyhighdominicana.com\/legal\/#primaryimage\"},\"thumbnailUrl\":\"http:\/\/old.skyhighdominicana.com\/wp-content\/uploads\/2023\/04\/SKYhigh-Conoce-nuestras-ofertas-exclusivas-SKYhigh.svg\",\"datePublished\":\"2023-06-05T15:23:28+00:00\",\"dateModified\":\"2023-06-07T10:49:15+00:00\",\"breadcrumb\":{\"@id\":\"https:\/\/old.skyhighdominicana.com\/legal\/#breadcrumb\"},\"inLanguage\":\"fr-FR\",\"potentialAction\":[{\"@type\":\"ReadAction\",\"target\":[\"https:\/\/old.skyhighdominicana.com\/legal\/\"]}]},{\"@type\":\"ImageObject\",\"inLanguage\":\"fr-FR\",\"@id\":\"https:\/\/old.skyhighdominicana.com\/legal\/#primaryimage\",\"url\":\"http:\/\/old.skyhighdominicana.com\/wp-content\/uploads\/2023\/04\/SKYhigh-Conoce-nuestras-ofertas-exclusivas-SKYhigh.svg\",\"contentUrl\":\"http:\/\/old.skyhighdominicana.com\/wp-content\/uploads\/2023\/04\/SKYhigh-Conoce-nuestras-ofertas-exclusivas-SKYhigh.svg\"},{\"@type\":\"BreadcrumbList\",\"@id\":\"https:\/\/old.skyhighdominicana.com\/legal\/#breadcrumb\",\"itemListElement\":[{\"@type\":\"ListItem\",\"position\":1,\"name\":\"Portada\",\"item\":\"https:\/\/old.skyhighdominicana.com\/\"},{\"@type\":\"ListItem\",\"position\":2,\"name\":\"Legal\"}]},{\"@type\":\"WebSite\",\"@id\":\"https:\/\/old.skyhighdominicana.com\/#website\",\"url\":\"https:\/\/old.skyhighdominicana.com\/\",\"name\":\"SKYhigh Aviation Services Dominicana S.A.\",\"description\":\"Nacidos con la visi\u00f3n de aportar a la aviaci\u00f3n dominicana una empresa con sin\u00f3nimo de calidad\",\"publisher\":{\"@id\":\"https:\/\/old.skyhighdominicana.com\/#organization\"},\"potentialAction\":[{\"@type\":\"SearchAction\",\"target\":{\"@type\":\"EntryPoint\",\"urlTemplate\":\"https:\/\/old.skyhighdominicana.com\/?s={search_term_string}\"},\"query-input\":\"required name=search_term_string\"}],\"inLanguage\":\"fr-FR\"},{\"@type\":\"Organization\",\"@id\":\"https:\/\/old.skyhighdominicana.com\/#organization\",\"name\":\"SKYhigh Aviation Services Dominicana S.A.\",\"url\":\"https:\/\/old.skyhighdominicana.com\/\",\"logo\":{\"@type\":\"ImageObject\",\"inLanguage\":\"fr-FR\",\"@id\":\"https:\/\/old.skyhighdominicana.com\/#\/schema\/logo\/image\/\",\"url\":\"https:\/\/old.skyhighdominicana.com\/wp-content\/uploads\/2023\/04\/SKYhigh-Logo-SKYhigh.svg\",\"contentUrl\":\"https:\/\/old.skyhighdominicana.com\/wp-content\/uploads\/2023\/04\/SKYhigh-Logo-SKYhigh.svg\",\"width\":411,\"height\":112,\"caption\":\"SKYhigh Aviation Services Dominicana S.A.\"},\"image\":{\"@id\":\"https:\/\/old.skyhighdominicana.com\/#\/schema\/logo\/image\/\"}}]}<\/script>\n<!-- \/ Yoast SEO plugin. -->","yoast_head_json":{"title":"Legal - SKYhigh Aviation Services Dominicana S.A.","robots":{"index":"noindex","follow":"follow","max-snippet":"max-snippet:-1","max-image-preview":"max-image-preview:large","max-video-preview":"max-video-preview:-1"},"og_locale":"fr_FR","og_type":"article","og_title":"Legal - SKYhigh Aviation Services Dominicana S.A.","og_description":"T\u00e9rminos y condiciones Revise nuestros t\u00e9rminos y condiciones. Plan de demoras prolongadas en pista Copa Airlines tiene un plan de contingencia para demoras prolongadas en la pista. Compromiso con el cliente Nos comprometemos a brindar una experiencia de viaje segura y c\u00f3moda a todos nuestros pasajeros. Informaci\u00f3n Legal Informaci\u00f3n legal relevante a su vuelo.","og_url":"https:\/\/old.skyhighdominicana.com\/fr\/legal\/","og_site_name":"SKYhigh Aviation Services Dominicana S.A.","article_modified_time":"2023-06-07T10:49:15+00:00","og_image":[{"url":"http:\/\/old.skyhighdominicana.com\/wp-content\/uploads\/2023\/04\/SKYhigh-Conoce-nuestras-ofertas-exclusivas-SKYhigh.svg"}],"twitter_card":"summary_large_image","schema":{"@context":"https:\/\/schema.org","@graph":[{"@type":"WebPage","@id":"https:\/\/old.skyhighdominicana.com\/legal\/","url":"https:\/\/old.skyhighdominicana.com\/legal\/","name":"Legal - SKYhigh Aviation Services Dominicana S.A.","isPartOf":{"@id":"https:\/\/old.skyhighdominicana.com\/#website"},"primaryImageOfPage":{"@id":"https:\/\/old.skyhighdominicana.com\/legal\/#primaryimage"},"image":{"@id":"https:\/\/old.skyhighdominicana.com\/legal\/#primaryimage"},"thumbnailUrl":"http:\/\/old.skyhighdominicana.com\/wp-content\/uploads\/2023\/04\/SKYhigh-Conoce-nuestras-ofertas-exclusivas-SKYhigh.svg","datePublished":"2023-06-05T15:23:28+00:00","dateModified":"2023-06-07T10:49:15+00:00","breadcrumb":{"@id":"https:\/\/old.skyhighdominicana.com\/legal\/#breadcrumb"},"inLanguage":"fr-FR","potentialAction":[{"@type":"ReadAction","target":["https:\/\/old.skyhighdominicana.com\/legal\/"]}]},{"@type":"ImageObject","inLanguage":"fr-FR","@id":"https:\/\/old.skyhighdominicana.com\/legal\/#primaryimage","url":"http:\/\/old.skyhighdominicana.com\/wp-content\/uploads\/2023\/04\/SKYhigh-Conoce-nuestras-ofertas-exclusivas-SKYhigh.svg","contentUrl":"http:\/\/old.skyhighdominicana.com\/wp-content\/uploads\/2023\/04\/SKYhigh-Conoce-nuestras-ofertas-exclusivas-SKYhigh.svg"},{"@type":"BreadcrumbList","@id":"https:\/\/old.skyhighdominicana.com\/legal\/#breadcrumb","itemListElement":[{"@type":"ListItem","position":1,"name":"Portada","item":"https:\/\/old.skyhighdominicana.com\/"},{"@type":"ListItem","position":2,"name":"Legal"}]},{"@type":"WebSite","@id":"https:\/\/old.skyhighdominicana.com\/#website","url":"https:\/\/old.skyhighdominicana.com\/","name":"SKYhigh Aviation Services Dominicaine SA","description":"N\u00e9 avec la vision de contribuer \u00e0 l&#039;aviation dominicaine une entreprise synonyme de qualit\u00e9","publisher":{"@id":"https:\/\/old.skyhighdominicana.com\/#organization"},"potentialAction":[{"@type":"SearchAction","target":{"@type":"EntryPoint","urlTemplate":"https:\/\/old.skyhighdominicana.com\/?s={search_term_string}"},"query-input":"required name=search_term_string"}],"inLanguage":"fr-FR"},{"@type":"Organization","@id":"https:\/\/old.skyhighdominicana.com\/#organization","name":"SKYhigh Aviation Services Dominicaine SA","url":"https:\/\/old.skyhighdominicana.com\/","logo":{"@type":"ImageObject","inLanguage":"fr-FR","@id":"https:\/\/old.skyhighdominicana.com\/#\/schema\/logo\/image\/","url":"https:\/\/old.skyhighdominicana.com\/wp-content\/uploads\/2023\/04\/SKYhigh-Logo-SKYhigh.svg","contentUrl":"https:\/\/old.skyhighdominicana.com\/wp-content\/uploads\/2023\/04\/SKYhigh-Logo-SKYhigh.svg","width":411,"height":112,"caption":"SKYhigh Aviation Services Dominicana S.A."},"image":{"@id":"https:\/\/old.skyhighdominicana.com\/#\/schema\/logo\/image\/"}}]}},"_links":{"self":[{"href":"https:\/\/old.skyhighdominicana.com\/fr\/wp-json\/wp\/v2\/pages\/7619","targetHints":{"allow":["GET"]}}],"collection":[{"href":"https:\/\/old.skyhighdominicana.com\/fr\/wp-json\/wp\/v2\/pages"}],"about":[{"href":"https:\/\/old.skyhighdominicana.com\/fr\/wp-json\/wp\/v2\/types\/page"}],"author":[{"embeddable":true,"href":"https:\/\/old.skyhighdominicana.com\/fr\/wp-json\/wp\/v2\/users\/1"}],"replies":[{"embeddable":true,"href":"https:\/\/old.skyhighdominicana.com\/fr\/wp-json\/wp\/v2\/comments?post=7619"}],"version-history":[{"count":4,"href":"https:\/\/old.skyhighdominicana.com\/fr\/wp-json\/wp\/v2\/pages\/7619\/revisions"}],"predecessor-version":[{"id":7628,"href":"https:\/\/old.skyhighdominicana.com\/fr\/wp-json\/wp\/v2\/pages\/7619\/revisions\/7628"}],"wp:attachment":[{"href":"https:\/\/old.skyhighdominicana.com\/fr\/wp-json\/wp\/v2\/media?parent=7619"}],"curies":[{"name":"wp","href":"https:\/\/api.w.org\/{rel}","templated":true}]}}