{"id":530,"date":"2022-06-10T20:46:29","date_gmt":"2022-06-10T20:46:29","guid":{"rendered":"https:\/\/old.skyhighdominicana.com\/?page_id=530"},"modified":"2024-05-03T21:37:57","modified_gmt":"2024-05-03T21:37:57","slug":"historia","status":"publish","type":"page","link":"https:\/\/old.skyhighdominicana.com\/fr\/historia\/","title":{"rendered":"Notre histoire"},"content":{"rendered":"<div data-elementor-type=\"wp-page\" data-elementor-id=\"530\" class=\"elementor elementor-530\" data-elementor-post-type=\"page\">\n\t\t\t\t\t\t<section class=\"elementor-section elementor-top-section elementor-element elementor-element-7a76749 elementor-section-height-min-height elementor-section-boxed elementor-section-height-default elementor-section-items-middle\" data-id=\"7a76749\" data-element_type=\"section\" data-e-type=\"section\" data-settings=\"{&quot;background_background&quot;:&quot;classic&quot;}\">\n\t\t\t\t\t\t\t<div class=\"elementor-background-overlay\"><\/div>\n\t\t\t\t\t\t\t<div class=\"elementor-container elementor-column-gap-no\">\n\t\t\t\t\t<div class=\"elementor-column elementor-col-100 elementor-top-column elementor-element elementor-element-06b7184\" data-id=\"06b7184\" data-element_type=\"column\" data-e-type=\"column\" data-settings=\"{&quot;background_background&quot;:&quot;classic&quot;}\">\n\t\t\t<div class=\"elementor-widget-wrap elementor-element-populated\">\n\t\t\t\t\t<div class=\"elementor-background-overlay\"><\/div>\n\t\t\t\t\t\t\t<\/div>\n\t\t<\/div>\n\t\t\t\t\t<\/div>\n\t\t<\/section>\n\t\t\t\t<section class=\"elementor-section elementor-top-section elementor-element elementor-element-56ecd7d5 elementor-section-boxed elementor-section-height-default elementor-section-height-default\" data-id=\"56ecd7d5\" data-element_type=\"section\" data-e-type=\"section\" data-settings=\"{&quot;background_background&quot;:&quot;classic&quot;}\">\n\t\t\t\t\t\t\t<div class=\"elementor-background-overlay\"><\/div>\n\t\t\t\t\t\t\t<div class=\"elementor-container elementor-column-gap-default\">\n\t\t\t\t\t<div class=\"elementor-column elementor-col-100 elementor-top-column elementor-element elementor-element-532b9b89 animated-slow elementor-invisible\" data-id=\"532b9b89\" data-element_type=\"column\" data-e-type=\"column\" data-settings=\"{&quot;animation&quot;:&quot;fadeInLeft&quot;,&quot;animation_delay&quot;:300}\">\n\t\t\t<div class=\"elementor-widget-wrap elementor-element-populated\">\n\t\t\t\t\t\t<section class=\"elementor-section elementor-inner-section elementor-element elementor-element-87eb9b5 elementor-section-height-min-height elementor-section-boxed elementor-section-height-default\" data-id=\"87eb9b5\" data-element_type=\"section\" data-e-type=\"section\" data-settings=\"{&quot;background_background&quot;:&quot;classic&quot;}\">\n\t\t\t\t\t\t<div class=\"elementor-container elementor-column-gap-no\">\n\t\t\t\t\t<div class=\"elementor-column elementor-col-50 elementor-inner-column elementor-element elementor-element-60180e6\" data-id=\"60180e6\" data-element_type=\"column\" data-e-type=\"column\" data-settings=\"{&quot;background_background&quot;:&quot;classic&quot;}\">\n\t\t\t<div class=\"elementor-widget-wrap elementor-element-populated\">\n\t\t\t\t\t<div class=\"elementor-background-overlay\"><\/div>\n\t\t\t\t\t\t<div class=\"elementor-element elementor-element-bae1b2b elementor-widget elementor-widget-spacer\" data-id=\"bae1b2b\" data-element_type=\"widget\" data-e-type=\"widget\" data-widget_type=\"spacer.default\">\n\t\t\t\t<div class=\"elementor-widget-container\">\n\t\t\t\t\t\t\t<div class=\"elementor-spacer\">\n\t\t\t<div class=\"elementor-spacer-inner\"><\/div>\n\t\t<\/div>\n\t\t\t\t\t\t<\/div>\n\t\t\t\t<\/div>\n\t\t\t\t\t<\/div>\n\t\t<\/div>\n\t\t\t\t<div class=\"elementor-column elementor-col-50 elementor-inner-column elementor-element elementor-element-5bbb190\" data-id=\"5bbb190\" data-element_type=\"column\" data-e-type=\"column\">\n\t\t\t<div class=\"elementor-widget-wrap elementor-element-populated\">\n\t\t\t\t\t\t<div class=\"elementor-element elementor-element-a66532b elementor-widget elementor-widget-heading\" data-id=\"a66532b\" data-element_type=\"widget\" data-e-type=\"widget\" data-widget_type=\"heading.default\">\n\t\t\t\t<div class=\"elementor-widget-container\">\n\t\t\t\t\t<h2 class=\"elementor-heading-title elementor-size-default\">&quot;Profitez d&#039;un vol confortable&quot;\n<\/h2>\t\t\t\t<\/div>\n\t\t\t\t<\/div>\n\t\t\t\t<div class=\"elementor-element elementor-element-0b0cc7b elementor-widget elementor-widget-heading\" data-id=\"0b0cc7b\" data-element_type=\"widget\" data-e-type=\"widget\" data-widget_type=\"heading.default\">\n\t\t\t\t<div class=\"elementor-widget-container\">\n\t\t\t\t\t<h2 class=\"elementor-heading-title elementor-size-default\">Une histoire d&#039;effort et de pers\u00e9v\u00e9rance<\/h2>\t\t\t\t<\/div>\n\t\t\t\t<\/div>\n\t\t\t\t<div class=\"elementor-element elementor-element-ac1b728 elementor-widget elementor-widget-text-editor\" data-id=\"ac1b728\" data-element_type=\"widget\" data-e-type=\"widget\" data-widget_type=\"text-editor.default\">\n\t\t\t\t<div class=\"elementor-widget-container\">\n\t\t\t\t\t\t\t\t\tSky High Aviation Services Dominicaine SA\u00a0; est n\u00e9e avec la vision de contribuer \u00e0 l&#039;aviation dominicaine une entreprise synonyme de qualit\u00e9, de bon service et de s\u00e9curit\u00e9 dans le transport a\u00e9rien dominicain, bas\u00e9e sur des param\u00e8tres et des normes de maintenance mondiaux.\t\t\t\t\t\t\t\t<\/div>\n\t\t\t\t<\/div>\n\t\t\t\t<div class=\"elementor-element elementor-element-808c2a4 elementor-widget elementor-widget-text-editor\" data-id=\"808c2a4\" data-element_type=\"widget\" data-e-type=\"widget\" data-widget_type=\"text-editor.default\">\n\t\t\t\t<div class=\"elementor-widget-container\">\n\t\t\t\t\t\t\t\t\tNotre soci\u00e9t\u00e9 a obtenu son certificat d&#039;op\u00e9rateur a\u00e9rien (AOC) le 5 octobre 2012, en vertu de la loi dominicaine sur l&#039;aviation civile 491-06 et nous op\u00e9rons sous la certification RAD 121. De plus, nous avons la certification nord-am\u00e9ricaine FAA Part-129 et la certification europ\u00e9enne Certification (EASA), qui nous accr\u00e9dite pour op\u00e9rer sur le territoire nord-am\u00e9ricain et europ\u00e9en.\n\n\t\t\t\t\t\t\t\t<\/div>\n\t\t\t\t<\/div>\n\t\t\t\t\t<\/div>\n\t\t<\/div>\n\t\t\t\t\t<\/div>\n\t\t<\/section>\n\t\t\t\t<section class=\"elementor-section elementor-inner-section elementor-element elementor-element-85a92cf elementor-section-boxed elementor-section-height-default elementor-section-height-default\" data-id=\"85a92cf\" data-element_type=\"section\" data-e-type=\"section\">\n\t\t\t\t\t\t<div class=\"elementor-container elementor-column-gap-default\">\n\t\t\t\t\t<div class=\"elementor-column elementor-col-33 elementor-inner-column elementor-element elementor-element-29d2705\" data-id=\"29d2705\" data-element_type=\"column\" data-e-type=\"column\">\n\t\t\t<div class=\"elementor-widget-wrap elementor-element-populated\">\n\t\t\t\t\t\t<div class=\"elementor-element elementor-element-edfb048 jkit-equal-height-disable elementor-invisible elementor-widget elementor-widget-jkit_icon_box\" data-id=\"edfb048\" data-element_type=\"widget\" data-e-type=\"widget\" data-settings=\"{&quot;_animation&quot;:&quot;fadeInUp&quot;}\" data-widget_type=\"jkit_icon_box.default\">\n\t\t\t\t<div class=\"elementor-widget-container\">\n\t\t\t\t\t<div  class=\"jeg-elementor-kit jkit-icon-box icon-position-left elementor-animation-shrink jeg_module___6a04ea5b54fa5\" ><div class=\"jkit-icon-box-wrapper hover-from-left\"><div class=\"icon-box icon-box-header elementor-animation-grow\"><div class=\"icon style-color\"><i aria-hidden=\"true\" class=\"icon icon-star\"><\/i><\/div><\/div><div class=\"icon-box icon-box-body\">\n                <h2 class=\"title\">Mission<\/h2><p class=\"icon-box-description\">\u00catre la compagnie a\u00e9rienne avec les normes les plus \u00e9lev\u00e9es de s\u00e9curit\u00e9 op\u00e9rationnelle et de qualit\u00e9, en maintenant les niveaux de risque dans des param\u00e8tres acceptables et en offrant un service s\u00fbr, rentable, fiable et ponctuel.\n\n<\/p>\n            <\/div>\n            \n            <\/div><\/div>\t\t\t\t<\/div>\n\t\t\t\t<\/div>\n\t\t\t\t\t<\/div>\n\t\t<\/div>\n\t\t\t\t<div class=\"elementor-column elementor-col-33 elementor-inner-column elementor-element elementor-element-85b9068\" data-id=\"85b9068\" data-element_type=\"column\" data-e-type=\"column\">\n\t\t\t<div class=\"elementor-widget-wrap elementor-element-populated\">\n\t\t\t\t\t\t<div class=\"elementor-element elementor-element-3d1ac8a jkit-equal-height-disable elementor-invisible elementor-widget elementor-widget-jkit_icon_box\" data-id=\"3d1ac8a\" data-element_type=\"widget\" data-e-type=\"widget\" data-settings=\"{&quot;_animation&quot;:&quot;fadeInUp&quot;}\" data-widget_type=\"jkit_icon_box.default\">\n\t\t\t\t<div class=\"elementor-widget-container\">\n\t\t\t\t\t<div  class=\"jeg-elementor-kit jkit-icon-box icon-position-left elementor-animation-shrink jeg_module__1_6a04ea5b565af\" ><div class=\"jkit-icon-box-wrapper hover-from-left\"><div class=\"icon-box icon-box-header elementor-animation-grow\"><div class=\"icon style-color\"><i aria-hidden=\"true\" class=\"jki jki-bullseye-solid\"><\/i><\/div><\/div><div class=\"icon-box icon-box-body\">\n                <h2 class=\"title\">Vision<\/h2><p class=\"icon-box-description\">Nous voir reconnus par nos clients et les parties li\u00e9es comme la premi\u00e8re compagnie a\u00e9rienne en mati\u00e8re d&#039;efficacit\u00e9, de s\u00e9curit\u00e9 et de ponctualit\u00e9, avec les mod\u00e8les de s\u00e9curit\u00e9 op\u00e9rationnelle les plus \u00e9lev\u00e9s, maintenant les risques op\u00e9rationnels \u00e0 des niveaux acceptables et tol\u00e9rables.\n\n<\/p>\n            <\/div>\n            \n            <\/div><\/div>\t\t\t\t<\/div>\n\t\t\t\t<\/div>\n\t\t\t\t\t<\/div>\n\t\t<\/div>\n\t\t\t\t<div class=\"elementor-column elementor-col-33 elementor-inner-column elementor-element elementor-element-84a7787\" data-id=\"84a7787\" data-element_type=\"column\" data-e-type=\"column\">\n\t\t\t<div class=\"elementor-widget-wrap elementor-element-populated\">\n\t\t\t\t\t\t<div class=\"elementor-element elementor-element-d68b1cd jkit-equal-height-disable elementor-invisible elementor-widget elementor-widget-jkit_icon_box\" data-id=\"d68b1cd\" data-element_type=\"widget\" data-e-type=\"widget\" data-settings=\"{&quot;_animation&quot;:&quot;fadeInUp&quot;}\" data-widget_type=\"jkit_icon_box.default\">\n\t\t\t\t<div class=\"elementor-widget-container\">\n\t\t\t\t\t<div  class=\"jeg-elementor-kit jkit-icon-box icon-position-left elementor-animation-shrink jeg_module__2_6a04ea5b57a39\" ><div class=\"jkit-icon-box-wrapper hover-from-left\"><div class=\"icon-box icon-box-header elementor-animation-grow\"><div class=\"icon style-color\"><i aria-hidden=\"true\" class=\"jki jki-listing-light\"><\/i><\/div><\/div><div class=\"icon-box icon-box-body\">\n                <h2 class=\"title\">Valeurs<\/h2><p class=\"icon-box-description\">\u2022 Credibilidad\n\u2022 Eficiencia\n\u2022 \u00c9tica\n\u2022 Honestidad\n\u2022 Integridad<\/p>\n            <\/div>\n            \n            <\/div><\/div>\t\t\t\t<\/div>\n\t\t\t\t<\/div>\n\t\t\t\t\t<\/div>\n\t\t<\/div>\n\t\t\t\t\t<\/div>\n\t\t<\/section>\n\t\t\t\t<section class=\"elementor-section elementor-inner-section elementor-element elementor-element-0442aa5 elementor-section-height-min-height elementor-section-boxed elementor-section-height-default\" data-id=\"0442aa5\" data-element_type=\"section\" data-e-type=\"section\" data-settings=\"{&quot;background_background&quot;:&quot;classic&quot;}\">\n\t\t\t\t\t\t<div class=\"elementor-container elementor-column-gap-no\">\n\t\t\t\t\t<div class=\"elementor-column elementor-col-100 elementor-inner-column elementor-element elementor-element-23d9dd4\" data-id=\"23d9dd4\" data-element_type=\"column\" data-e-type=\"column\" data-settings=\"{&quot;background_background&quot;:&quot;classic&quot;}\">\n\t\t\t<div class=\"elementor-widget-wrap elementor-element-populated\">\n\t\t\t\t\t<div class=\"elementor-background-overlay\"><\/div>\n\t\t\t\t\t\t<div class=\"elementor-element elementor-element-0d86016 elementor-widget elementor-widget-heading\" data-id=\"0d86016\" data-element_type=\"widget\" data-e-type=\"widget\" data-widget_type=\"heading.default\">\n\t\t\t\t<div class=\"elementor-widget-container\">\n\t\t\t\t\t<h2 class=\"elementor-heading-title elementor-size-default\">&quot;Compl\u00e8tement Professionnels&quot;\n<\/h2>\t\t\t\t<\/div>\n\t\t\t\t<\/div>\n\t\t\t\t<div class=\"elementor-element elementor-element-bfd193b elementor-widget elementor-widget-heading\" data-id=\"bfd193b\" data-element_type=\"widget\" data-e-type=\"widget\" data-widget_type=\"heading.default\">\n\t\t\t\t<div class=\"elementor-widget-container\">\n\t\t\t\t\t<h2 class=\"elementor-heading-title elementor-size-default\">Engag\u00e9s et identifi\u00e9s \u00e0 offrir un service de qualit\u00e9\n<\/h2>\t\t\t\t<\/div>\n\t\t\t\t<\/div>\n\t\t\t\t<div class=\"elementor-element elementor-element-a582234 elementor-widget elementor-widget-text-editor\" data-id=\"a582234\" data-element_type=\"widget\" data-e-type=\"widget\" data-widget_type=\"text-editor.default\">\n\t\t\t\t<div class=\"elementor-widget-container\">\n\t\t\t\t\t\t\t\t\tChez SKYhigh Dominicana SA, nous avons une \u00e9quipe de professionnels engag\u00e9s et identifi\u00e9s pour offrir \u00e0 nos passagers un service aux normes de qualit\u00e9, qui s&#039;efforce chaque jour d&#039;atteindre les objectifs \u00e9tablis par notre entreprise. Nous sommes fiers d&#039;avoir un \u00e9quipage dominicain 100% et une \u00e9quipe directe au sol qui garantissent la qualit\u00e9 et l&#039;efficacit\u00e9 de notre service.\n\n\t\t\t\t\t\t\t\t<\/div>\n\t\t\t\t<\/div>\n\t\t\t\t<div class=\"elementor-element elementor-element-fb6f905 elementor-align-right elementor-widget elementor-widget-button\" data-id=\"fb6f905\" data-element_type=\"widget\" data-e-type=\"widget\" data-widget_type=\"button.default\">\n\t\t\t\t<div class=\"elementor-widget-container\">\n\t\t\t\t\t\t\t\t\t<div class=\"elementor-button-wrapper\">\n\t\t\t\t\t<a class=\"elementor-button elementor-button-link elementor-size-sm\" href=\"\/fr\/historia\/equipo\/\">\n\t\t\t\t\t\t<span class=\"elementor-button-content-wrapper\">\n\t\t\t\t\t\t<span class=\"elementor-button-icon\">\n\t\t\t\t<i aria-hidden=\"true\" class=\"icon icon-users2\"><\/i>\t\t\t<\/span>\n\t\t\t\t\t\t\t\t\t<span class=\"elementor-button-text\">Rencontrez l&#039;\u00e9quipe<\/span>\n\t\t\t\t\t<\/span>\n\t\t\t\t\t<\/a>\n\t\t\t\t<\/div>\n\t\t\t\t\t\t\t\t<\/div>\n\t\t\t\t<\/div>\n\t\t\t\t\t<\/div>\n\t\t<\/div>\n\t\t\t\t\t<\/div>\n\t\t<\/section>\n\t\t\t\t\t<\/div>\n\t\t<\/div>\n\t\t\t\t\t<\/div>\n\t\t<\/section>\n\t\t\t\t<\/div>","protected":false},"excerpt":{"rendered":"<p>\u00abProfitez d&#039;un vol confortable\u00bb Une histoire d&#039;effort et de pers\u00e9v\u00e9rance SKYhigh Dominicana SA; est n\u00e9e avec la vision de contribuer \u00e0 l&#039;aviation dominicaine une entreprise synonyme de qualit\u00e9, de bon service et de s\u00e9curit\u00e9 dans le transport a\u00e9rien dominicain, bas\u00e9e sur des param\u00e8tres et des normes d&#039;entretien mondiaux.Notre entreprise a obtenu son certificat d&#039;op\u00e9rateur a\u00e9rien (AOC)... <a class=\"more-link\" href=\"https:\/\/old.skyhighdominicana.com\/fr\/historia\/\">Poursuivre la conf\u00e9rence <span class=\"screen-reader-text\">Notre histoire<\/span><\/a><\/p>","protected":false},"author":1,"featured_media":0,"parent":0,"menu_order":0,"comment_status":"closed","ping_status":"closed","template":"elementor_header_footer","meta":{"content-type":"","footnotes":""},"class_list":["post-530","page","type-page","status-publish","hentry","entry"],"yoast_head":"<!-- This site is optimized with the Yoast SEO plugin v22.6 - https:\/\/yoast.com\/wordpress\/plugins\/seo\/ -->\n<title>Nuestra Historia - SKYhigh Aviation Services Dominicana S.A.<\/title>\n<meta name=\"robots\" content=\"noindex, follow, max-snippet:-1, max-image-preview:large, max-video-preview:-1\" \/>\n<meta property=\"og:locale\" content=\"fr_FR\" \/>\n<meta property=\"og:type\" content=\"article\" \/>\n<meta property=\"og:title\" content=\"Nuestra Historia - SKYhigh Aviation Services Dominicana S.A.\" \/>\n<meta property=\"og:description\" content=\"\u00abDisfruta de un vuelo Confortable\u00bb Una historia de Esfuerzo y Perseverancia SKYhigh Dominicana S.A.; nace con la visi\u00f3n de aportar a la aviaci\u00f3n dominicana una empresa sin\u00f3nimo de calidad, buen servicio y seguridad en la transportaci\u00f3n a\u00e9rea dominicana, bas\u00e1ndose en los par\u00e1metros y est\u00e1ndares mundiales de mantenimiento.Nuestra empresa obtuvo su certificado de Operador A\u00e9reo (AOC)&hellip; Poursuivre la lecture Nuestra Historia\" \/>\n<meta property=\"og:url\" content=\"https:\/\/old.skyhighdominicana.com\/fr\/historia\/\" \/>\n<meta property=\"og:site_name\" content=\"SKYhigh Aviation Services Dominicana S.A.\" \/>\n<meta property=\"article:modified_time\" content=\"2024-05-03T21:37:57+00:00\" \/>\n<meta name=\"twitter:card\" content=\"summary_large_image\" \/>\n<meta name=\"twitter:label1\" content=\"Dur\u00e9e de lecture estim\u00e9e\" \/>\n\t<meta name=\"twitter:data1\" content=\"2 minutes\" \/>\n<script type=\"application\/ld+json\" class=\"yoast-schema-graph\">{\"@context\":\"https:\/\/schema.org\",\"@graph\":[{\"@type\":\"WebPage\",\"@id\":\"https:\/\/old.skyhighdominicana.com\/historia\/\",\"url\":\"https:\/\/old.skyhighdominicana.com\/historia\/\",\"name\":\"Nuestra Historia - SKYhigh Aviation Services Dominicana S.A.\",\"isPartOf\":{\"@id\":\"https:\/\/old.skyhighdominicana.com\/#website\"},\"datePublished\":\"2022-06-10T20:46:29+00:00\",\"dateModified\":\"2024-05-03T21:37:57+00:00\",\"breadcrumb\":{\"@id\":\"https:\/\/old.skyhighdominicana.com\/historia\/#breadcrumb\"},\"inLanguage\":\"fr-FR\",\"potentialAction\":[{\"@type\":\"ReadAction\",\"target\":[\"https:\/\/old.skyhighdominicana.com\/historia\/\"]}]},{\"@type\":\"BreadcrumbList\",\"@id\":\"https:\/\/old.skyhighdominicana.com\/historia\/#breadcrumb\",\"itemListElement\":[{\"@type\":\"ListItem\",\"position\":1,\"name\":\"Portada\",\"item\":\"https:\/\/old.skyhighdominicana.com\/\"},{\"@type\":\"ListItem\",\"position\":2,\"name\":\"Nuestra Historia\"}]},{\"@type\":\"WebSite\",\"@id\":\"https:\/\/old.skyhighdominicana.com\/#website\",\"url\":\"https:\/\/old.skyhighdominicana.com\/\",\"name\":\"SKYhigh Aviation Services Dominicana S.A.\",\"description\":\"Nacidos con la visi\u00f3n de aportar a la aviaci\u00f3n dominicana una empresa con sin\u00f3nimo de calidad\",\"publisher\":{\"@id\":\"https:\/\/old.skyhighdominicana.com\/#organization\"},\"potentialAction\":[{\"@type\":\"SearchAction\",\"target\":{\"@type\":\"EntryPoint\",\"urlTemplate\":\"https:\/\/old.skyhighdominicana.com\/?s={search_term_string}\"},\"query-input\":\"required name=search_term_string\"}],\"inLanguage\":\"fr-FR\"},{\"@type\":\"Organization\",\"@id\":\"https:\/\/old.skyhighdominicana.com\/#organization\",\"name\":\"SKYhigh Aviation Services Dominicana S.A.\",\"url\":\"https:\/\/old.skyhighdominicana.com\/\",\"logo\":{\"@type\":\"ImageObject\",\"inLanguage\":\"fr-FR\",\"@id\":\"https:\/\/old.skyhighdominicana.com\/#\/schema\/logo\/image\/\",\"url\":\"https:\/\/old.skyhighdominicana.com\/wp-content\/uploads\/2023\/04\/SKYhigh-Logo-SKYhigh.svg\",\"contentUrl\":\"https:\/\/old.skyhighdominicana.com\/wp-content\/uploads\/2023\/04\/SKYhigh-Logo-SKYhigh.svg\",\"width\":411,\"height\":112,\"caption\":\"SKYhigh Aviation Services Dominicana S.A.\"},\"image\":{\"@id\":\"https:\/\/old.skyhighdominicana.com\/#\/schema\/logo\/image\/\"}}]}<\/script>\n<!-- \/ Yoast SEO plugin. -->","yoast_head_json":{"title":"Nuestra Historia - SKYhigh Aviation Services Dominicana S.A.","robots":{"index":"noindex","follow":"follow","max-snippet":"max-snippet:-1","max-image-preview":"max-image-preview:large","max-video-preview":"max-video-preview:-1"},"og_locale":"fr_FR","og_type":"article","og_title":"Nuestra Historia - SKYhigh Aviation Services Dominicana S.A.","og_description":"\u00abDisfruta de un vuelo Confortable\u00bb Una historia de Esfuerzo y Perseverancia SKYhigh Dominicana S.A.; nace con la visi\u00f3n de aportar a la aviaci\u00f3n dominicana una empresa sin\u00f3nimo de calidad, buen servicio y seguridad en la transportaci\u00f3n a\u00e9rea dominicana, bas\u00e1ndose en los par\u00e1metros y est\u00e1ndares mundiales de mantenimiento.Nuestra empresa obtuvo su certificado de Operador A\u00e9reo (AOC)&hellip; Poursuivre la lecture Nuestra Historia","og_url":"https:\/\/old.skyhighdominicana.com\/fr\/historia\/","og_site_name":"SKYhigh Aviation Services Dominicana S.A.","article_modified_time":"2024-05-03T21:37:57+00:00","twitter_card":"summary_large_image","twitter_misc":{"Dur\u00e9e de lecture estim\u00e9e":"2 minutes"},"schema":{"@context":"https:\/\/schema.org","@graph":[{"@type":"WebPage","@id":"https:\/\/old.skyhighdominicana.com\/historia\/","url":"https:\/\/old.skyhighdominicana.com\/historia\/","name":"Nuestra Historia - SKYhigh Aviation Services Dominicana S.A.","isPartOf":{"@id":"https:\/\/old.skyhighdominicana.com\/#website"},"datePublished":"2022-06-10T20:46:29+00:00","dateModified":"2024-05-03T21:37:57+00:00","breadcrumb":{"@id":"https:\/\/old.skyhighdominicana.com\/historia\/#breadcrumb"},"inLanguage":"fr-FR","potentialAction":[{"@type":"ReadAction","target":["https:\/\/old.skyhighdominicana.com\/historia\/"]}]},{"@type":"BreadcrumbList","@id":"https:\/\/old.skyhighdominicana.com\/historia\/#breadcrumb","itemListElement":[{"@type":"ListItem","position":1,"name":"Portada","item":"https:\/\/old.skyhighdominicana.com\/"},{"@type":"ListItem","position":2,"name":"Nuestra Historia"}]},{"@type":"WebSite","@id":"https:\/\/old.skyhighdominicana.com\/#website","url":"https:\/\/old.skyhighdominicana.com\/","name":"SKYhigh Aviation Services Dominicaine SA","description":"N\u00e9 avec la vision de contribuer \u00e0 l&#039;aviation dominicaine une entreprise synonyme de qualit\u00e9","publisher":{"@id":"https:\/\/old.skyhighdominicana.com\/#organization"},"potentialAction":[{"@type":"SearchAction","target":{"@type":"EntryPoint","urlTemplate":"https:\/\/old.skyhighdominicana.com\/?s={search_term_string}"},"query-input":"required name=search_term_string"}],"inLanguage":"fr-FR"},{"@type":"Organization","@id":"https:\/\/old.skyhighdominicana.com\/#organization","name":"SKYhigh Aviation Services Dominicaine SA","url":"https:\/\/old.skyhighdominicana.com\/","logo":{"@type":"ImageObject","inLanguage":"fr-FR","@id":"https:\/\/old.skyhighdominicana.com\/#\/schema\/logo\/image\/","url":"https:\/\/old.skyhighdominicana.com\/wp-content\/uploads\/2023\/04\/SKYhigh-Logo-SKYhigh.svg","contentUrl":"https:\/\/old.skyhighdominicana.com\/wp-content\/uploads\/2023\/04\/SKYhigh-Logo-SKYhigh.svg","width":411,"height":112,"caption":"SKYhigh Aviation Services Dominicana S.A."},"image":{"@id":"https:\/\/old.skyhighdominicana.com\/#\/schema\/logo\/image\/"}}]}},"_links":{"self":[{"href":"https:\/\/old.skyhighdominicana.com\/fr\/wp-json\/wp\/v2\/pages\/530","targetHints":{"allow":["GET"]}}],"collection":[{"href":"https:\/\/old.skyhighdominicana.com\/fr\/wp-json\/wp\/v2\/pages"}],"about":[{"href":"https:\/\/old.skyhighdominicana.com\/fr\/wp-json\/wp\/v2\/types\/page"}],"author":[{"embeddable":true,"href":"https:\/\/old.skyhighdominicana.com\/fr\/wp-json\/wp\/v2\/users\/1"}],"replies":[{"embeddable":true,"href":"https:\/\/old.skyhighdominicana.com\/fr\/wp-json\/wp\/v2\/comments?post=530"}],"version-history":[{"count":12,"href":"https:\/\/old.skyhighdominicana.com\/fr\/wp-json\/wp\/v2\/pages\/530\/revisions"}],"predecessor-version":[{"id":8036,"href":"https:\/\/old.skyhighdominicana.com\/fr\/wp-json\/wp\/v2\/pages\/530\/revisions\/8036"}],"wp:attachment":[{"href":"https:\/\/old.skyhighdominicana.com\/fr\/wp-json\/wp\/v2\/media?parent=530"}],"curies":[{"name":"wp","href":"https:\/\/api.w.org\/{rel}","templated":true}]}}