{"id":4695,"date":"2022-06-26T22:51:58","date_gmt":"2022-06-26T22:51:58","guid":{"rendered":"https:\/\/old.skyhighdominicana.com\/?page_id=4695"},"modified":"2022-06-26T22:51:58","modified_gmt":"2022-06-26T22:51:58","slug":"santo-domingo","status":"publish","type":"page","link":"https:\/\/old.skyhighdominicana.com\/fr\/destinos\/santo-domingo\/","title":{"rendered":"Saint Dimanche"},"content":{"rendered":"\t\t<div data-elementor-type=\"wp-page\" data-elementor-id=\"4695\" class=\"elementor elementor-4695\" data-elementor-post-type=\"page\">\n\t\t\t\t\t\t<section class=\"elementor-section elementor-top-section elementor-element elementor-element-172d65d elementor-section-boxed elementor-section-height-default elementor-section-height-default\" data-id=\"172d65d\" data-element_type=\"section\" data-e-type=\"section\" data-settings=\"{&quot;background_background&quot;:&quot;slideshow&quot;,&quot;background_slideshow_gallery&quot;:[{&quot;id&quot;:4706,&quot;url&quot;:&quot;https:\\\/\\\/old.skyhighdominicana.com\\\/inicio\\\/wp-content\\\/uploads\\\/2022\\\/07\\\/Santo-Domingo.jpeg&quot;},{&quot;id&quot;:4708,&quot;url&quot;:&quot;https:\\\/\\\/old.skyhighdominicana.com\\\/inicio\\\/wp-content\\\/uploads\\\/2022\\\/07\\\/Santo-Domingo-2.jpeg&quot;}],&quot;background_slideshow_loop&quot;:&quot;yes&quot;,&quot;background_slideshow_slide_duration&quot;:5000,&quot;background_slideshow_slide_transition&quot;:&quot;fade&quot;,&quot;background_slideshow_transition_duration&quot;:500}\">\n\t\t\t\t\t\t\t<div class=\"elementor-background-overlay\"><\/div>\n\t\t\t\t\t\t\t<div class=\"elementor-container elementor-column-gap-default\">\n\t\t\t\t\t<div class=\"elementor-column elementor-col-100 elementor-top-column elementor-element elementor-element-cdfe45e\" data-id=\"cdfe45e\" data-element_type=\"column\" data-e-type=\"column\">\n\t\t\t<div class=\"elementor-widget-wrap\">\n\t\t\t\t\t\t\t<\/div>\n\t\t<\/div>\n\t\t\t\t\t<\/div>\n\t\t<\/section>\n\t\t\t\t<section class=\"elementor-section elementor-top-section elementor-element elementor-element-b1552d0 elementor-section-boxed elementor-section-height-default elementor-section-height-default\" data-id=\"b1552d0\" data-element_type=\"section\" data-e-type=\"section\" data-settings=\"{&quot;background_background&quot;:&quot;classic&quot;}\">\n\t\t\t\t\t\t<div class=\"elementor-container elementor-column-gap-default\">\n\t\t\t\t\t<div class=\"elementor-column elementor-col-100 elementor-top-column elementor-element elementor-element-91d53bb\" data-id=\"91d53bb\" data-element_type=\"column\" data-e-type=\"column\">\n\t\t\t<div class=\"elementor-widget-wrap elementor-element-populated\">\n\t\t\t\t\t\t<section class=\"elementor-section elementor-inner-section elementor-element elementor-element-ff4085c elementor-section-full_width elementor-section-height-default elementor-section-height-default\" data-id=\"ff4085c\" data-element_type=\"section\" data-e-type=\"section\">\n\t\t\t\t\t\t<div class=\"elementor-container elementor-column-gap-default\">\n\t\t\t\t\t<div class=\"elementor-column elementor-col-100 elementor-inner-column elementor-element elementor-element-a84832e\" data-id=\"a84832e\" data-element_type=\"column\" data-e-type=\"column\" data-settings=\"{&quot;background_background&quot;:&quot;classic&quot;}\">\n\t\t\t<div class=\"elementor-widget-wrap elementor-element-populated\">\n\t\t\t\t\t\t<div class=\"elementor-element elementor-element-4784e62 elementor-widget elementor-widget-html\" data-id=\"4784e62\" data-element_type=\"widget\" data-e-type=\"widget\" data-widget_type=\"html.default\">\n\t\t\t\t<div class=\"elementor-widget-container\">\n\t\t\t\t\t<style>.elementor-element-4784e62{display:none !important}<\/style>\t\t\t\t<\/div>\n\t\t\t\t<\/div>\n\t\t\t\t<div class=\"elementor-element elementor-element-3a2af5a elementor-widget elementor-widget-html\" data-id=\"3a2af5a\" data-element_type=\"widget\" data-e-type=\"widget\" data-widget_type=\"html.default\">\n\t\t\t\t<div class=\"elementor-widget-container\">\n\t\t\t\t\t<style>.elementor-element-3a2af5a{display:none !important}<\/style>\t\t\t\t<\/div>\n\t\t\t\t<\/div>\n\t\t\t\t<div class=\"elementor-element elementor-element-f915cb0 elementor-widget elementor-widget-html\" data-id=\"f915cb0\" data-element_type=\"widget\" data-e-type=\"widget\" data-widget_type=\"html.default\">\n\t\t\t\t<div class=\"elementor-widget-container\">\n\t\t\t\t\t<iframe height=\"460\" scrolling = \"no\"\n class=\"booking-iframe\" src=\"https:\/\/skyhighdominicana.kiusys.net\/booking\/widget?carrier=do&module=ecommerce&lang=fr\"><\/iframe>\n\t\t\t\t<\/div>\n\t\t\t\t<\/div>\n\t\t\t\t\t<\/div>\n\t\t<\/div>\n\t\t\t\t\t<\/div>\n\t\t<\/section>\n\t\t\t\t\t<\/div>\n\t\t<\/div>\n\t\t\t\t\t<\/div>\n\t\t<\/section>\n\t\t\t\t<\/div>\n\t\t","protected":false},"excerpt":{"rendered":"<p>Saint-Domingue, la capitale de la R\u00e9publique dominicaine, est \u00e9galement la m\u00e9tropole la plus moderne et la plus dynamique des Cara\u00efbes, transmettant le pouls de la culture dominicaine, o\u00f9 l&#039;ancien et le nouveau convergent de mani\u00e8re transparente, de l&#039;architecture et de l&#039;histoire s\u00e9culaires aux grands magasins. centres commerciaux, galeries d&#039;art, une vie nocturne active et int\u00e9ressante et une sc\u00e8ne gastronomique irr\u00e9sistible. <\/p>\n<p><a href=\"\/fr\/destinos\/santo-domingo\/\" class=\"button-destiny\">Voir destination<br \/>\n<\/a><\/p>","protected":false},"author":1,"featured_media":4706,"parent":583,"menu_order":0,"comment_status":"closed","ping_status":"closed","template":"elementor_header_footer","meta":{"content-type":"","footnotes":""},"class_list":["post-4695","page","type-page","status-publish","has-post-thumbnail","hentry","entry"],"yoast_head":"<!-- This site is optimized with the Yoast SEO plugin v22.6 - https:\/\/yoast.com\/wordpress\/plugins\/seo\/ -->\n<title>Santo Domingo - SKYhigh Aviation Services Dominicana S.A.<\/title>\n<meta name=\"robots\" content=\"noindex, follow, max-snippet:-1, max-image-preview:large, max-video-preview:-1\" \/>\n<meta property=\"og:locale\" content=\"fr_FR\" \/>\n<meta property=\"og:type\" content=\"article\" \/>\n<meta property=\"og:title\" content=\"Santo Domingo - SKYhigh Aviation Services Dominicana S.A.\" \/>\n<meta property=\"og:description\" content=\"Santo Domingo, la capital de Rep\u00fablica Dominicana, es tambi\u00e9n la metr\u00f3poli m\u00e1s moderna y din\u00e1mica del Caribe, transmite el pulso de la cultura dominicana, donde lo antiguo y lo nuevo convergen a la perfecci\u00f3n, desde la arquitectura y la historia de siglos de antig\u00fcedad, hasta los grandes centros comerciales, galer\u00edas de arte, una activa e interesante vida nocturna y una irresistible escena gastron\u00f3mica.  Ver Destino\" \/>\n<meta property=\"og:url\" content=\"https:\/\/old.skyhighdominicana.com\/fr\/destinos\/santo-domingo\/\" \/>\n<meta property=\"og:site_name\" content=\"SKYhigh Aviation Services Dominicana S.A.\" \/>\n<meta name=\"twitter:card\" content=\"summary_large_image\" \/>\n<meta name=\"twitter:label1\" content=\"Dur\u00e9e de lecture estim\u00e9e\" \/>\n\t<meta name=\"twitter:data1\" content=\"1 minute\" \/>\n<script type=\"application\/ld+json\" class=\"yoast-schema-graph\">{\"@context\":\"https:\/\/schema.org\",\"@graph\":[{\"@type\":\"WebPage\",\"@id\":\"https:\/\/old.skyhighdominicana.com\/destinos\/santo-domingo\/\",\"url\":\"https:\/\/old.skyhighdominicana.com\/destinos\/santo-domingo\/\",\"name\":\"Santo Domingo - SKYhigh Aviation Services Dominicana S.A.\",\"isPartOf\":{\"@id\":\"https:\/\/old.skyhighdominicana.com\/#website\"},\"primaryImageOfPage\":{\"@id\":\"https:\/\/old.skyhighdominicana.com\/destinos\/santo-domingo\/#primaryimage\"},\"image\":{\"@id\":\"https:\/\/old.skyhighdominicana.com\/destinos\/santo-domingo\/#primaryimage\"},\"thumbnailUrl\":\"\",\"datePublished\":\"2022-06-26T22:51:58+00:00\",\"dateModified\":\"2022-06-26T22:51:58+00:00\",\"breadcrumb\":{\"@id\":\"https:\/\/old.skyhighdominicana.com\/destinos\/santo-domingo\/#breadcrumb\"},\"inLanguage\":\"fr-FR\",\"potentialAction\":[{\"@type\":\"ReadAction\",\"target\":[\"https:\/\/old.skyhighdominicana.com\/destinos\/santo-domingo\/\"]}]},{\"@type\":\"ImageObject\",\"inLanguage\":\"fr-FR\",\"@id\":\"https:\/\/old.skyhighdominicana.com\/destinos\/santo-domingo\/#primaryimage\",\"url\":\"\",\"contentUrl\":\"\"},{\"@type\":\"BreadcrumbList\",\"@id\":\"https:\/\/old.skyhighdominicana.com\/destinos\/santo-domingo\/#breadcrumb\",\"itemListElement\":[{\"@type\":\"ListItem\",\"position\":1,\"name\":\"Portada\",\"item\":\"https:\/\/old.skyhighdominicana.com\/\"},{\"@type\":\"ListItem\",\"position\":2,\"name\":\"Destinos\",\"item\":\"https:\/\/old.skyhighdominicana.com\/destinos\/\"},{\"@type\":\"ListItem\",\"position\":3,\"name\":\"Santo Domingo\"}]},{\"@type\":\"WebSite\",\"@id\":\"https:\/\/old.skyhighdominicana.com\/#website\",\"url\":\"https:\/\/old.skyhighdominicana.com\/\",\"name\":\"SKYhigh Aviation Services Dominicana S.A.\",\"description\":\"Nacidos con la visi\u00f3n de aportar a la aviaci\u00f3n dominicana una empresa con sin\u00f3nimo de calidad\",\"publisher\":{\"@id\":\"https:\/\/old.skyhighdominicana.com\/#organization\"},\"potentialAction\":[{\"@type\":\"SearchAction\",\"target\":{\"@type\":\"EntryPoint\",\"urlTemplate\":\"https:\/\/old.skyhighdominicana.com\/?s={search_term_string}\"},\"query-input\":\"required name=search_term_string\"}],\"inLanguage\":\"fr-FR\"},{\"@type\":\"Organization\",\"@id\":\"https:\/\/old.skyhighdominicana.com\/#organization\",\"name\":\"SKYhigh Aviation Services Dominicana S.A.\",\"url\":\"https:\/\/old.skyhighdominicana.com\/\",\"logo\":{\"@type\":\"ImageObject\",\"inLanguage\":\"fr-FR\",\"@id\":\"https:\/\/old.skyhighdominicana.com\/#\/schema\/logo\/image\/\",\"url\":\"https:\/\/old.skyhighdominicana.com\/wp-content\/uploads\/2023\/04\/SKYhigh-Logo-SKYhigh.svg\",\"contentUrl\":\"https:\/\/old.skyhighdominicana.com\/wp-content\/uploads\/2023\/04\/SKYhigh-Logo-SKYhigh.svg\",\"width\":411,\"height\":112,\"caption\":\"SKYhigh Aviation Services Dominicana S.A.\"},\"image\":{\"@id\":\"https:\/\/old.skyhighdominicana.com\/#\/schema\/logo\/image\/\"}}]}<\/script>\n<!-- \/ Yoast SEO plugin. -->","yoast_head_json":{"title":"Santo Domingo - SKYhigh Aviation Services Dominicana S.A.","robots":{"index":"noindex","follow":"follow","max-snippet":"max-snippet:-1","max-image-preview":"max-image-preview:large","max-video-preview":"max-video-preview:-1"},"og_locale":"fr_FR","og_type":"article","og_title":"Santo Domingo - SKYhigh Aviation Services Dominicana S.A.","og_description":"Santo Domingo, la capital de Rep\u00fablica Dominicana, es tambi\u00e9n la metr\u00f3poli m\u00e1s moderna y din\u00e1mica del Caribe, transmite el pulso de la cultura dominicana, donde lo antiguo y lo nuevo convergen a la perfecci\u00f3n, desde la arquitectura y la historia de siglos de antig\u00fcedad, hasta los grandes centros comerciales, galer\u00edas de arte, una activa e interesante vida nocturna y una irresistible escena gastron\u00f3mica.  Ver Destino","og_url":"https:\/\/old.skyhighdominicana.com\/fr\/destinos\/santo-domingo\/","og_site_name":"SKYhigh Aviation Services Dominicana S.A.","twitter_card":"summary_large_image","twitter_misc":{"Dur\u00e9e de lecture estim\u00e9e":"1 minute"},"schema":{"@context":"https:\/\/schema.org","@graph":[{"@type":"WebPage","@id":"https:\/\/old.skyhighdominicana.com\/destinos\/santo-domingo\/","url":"https:\/\/old.skyhighdominicana.com\/destinos\/santo-domingo\/","name":"Santo Domingo - SKYhigh Aviation Services Dominicana S.A.","isPartOf":{"@id":"https:\/\/old.skyhighdominicana.com\/#website"},"primaryImageOfPage":{"@id":"https:\/\/old.skyhighdominicana.com\/destinos\/santo-domingo\/#primaryimage"},"image":{"@id":"https:\/\/old.skyhighdominicana.com\/destinos\/santo-domingo\/#primaryimage"},"thumbnailUrl":"","datePublished":"2022-06-26T22:51:58+00:00","dateModified":"2022-06-26T22:51:58+00:00","breadcrumb":{"@id":"https:\/\/old.skyhighdominicana.com\/destinos\/santo-domingo\/#breadcrumb"},"inLanguage":"fr-FR","potentialAction":[{"@type":"ReadAction","target":["https:\/\/old.skyhighdominicana.com\/destinos\/santo-domingo\/"]}]},{"@type":"ImageObject","inLanguage":"fr-FR","@id":"https:\/\/old.skyhighdominicana.com\/destinos\/santo-domingo\/#primaryimage","url":"","contentUrl":""},{"@type":"BreadcrumbList","@id":"https:\/\/old.skyhighdominicana.com\/destinos\/santo-domingo\/#breadcrumb","itemListElement":[{"@type":"ListItem","position":1,"name":"Portada","item":"https:\/\/old.skyhighdominicana.com\/"},{"@type":"ListItem","position":2,"name":"Destinos","item":"https:\/\/old.skyhighdominicana.com\/destinos\/"},{"@type":"ListItem","position":3,"name":"Santo Domingo"}]},{"@type":"WebSite","@id":"https:\/\/old.skyhighdominicana.com\/#website","url":"https:\/\/old.skyhighdominicana.com\/","name":"SKYhigh Aviation Services Dominicaine SA","description":"N\u00e9 avec la vision de contribuer \u00e0 l&#039;aviation dominicaine une entreprise synonyme de qualit\u00e9","publisher":{"@id":"https:\/\/old.skyhighdominicana.com\/#organization"},"potentialAction":[{"@type":"SearchAction","target":{"@type":"EntryPoint","urlTemplate":"https:\/\/old.skyhighdominicana.com\/?s={search_term_string}"},"query-input":"required name=search_term_string"}],"inLanguage":"fr-FR"},{"@type":"Organization","@id":"https:\/\/old.skyhighdominicana.com\/#organization","name":"SKYhigh Aviation Services Dominicaine SA","url":"https:\/\/old.skyhighdominicana.com\/","logo":{"@type":"ImageObject","inLanguage":"fr-FR","@id":"https:\/\/old.skyhighdominicana.com\/#\/schema\/logo\/image\/","url":"https:\/\/old.skyhighdominicana.com\/wp-content\/uploads\/2023\/04\/SKYhigh-Logo-SKYhigh.svg","contentUrl":"https:\/\/old.skyhighdominicana.com\/wp-content\/uploads\/2023\/04\/SKYhigh-Logo-SKYhigh.svg","width":411,"height":112,"caption":"SKYhigh Aviation Services Dominicana S.A."},"image":{"@id":"https:\/\/old.skyhighdominicana.com\/#\/schema\/logo\/image\/"}}]}},"_links":{"self":[{"href":"https:\/\/old.skyhighdominicana.com\/fr\/wp-json\/wp\/v2\/pages\/4695","targetHints":{"allow":["GET"]}}],"collection":[{"href":"https:\/\/old.skyhighdominicana.com\/fr\/wp-json\/wp\/v2\/pages"}],"about":[{"href":"https:\/\/old.skyhighdominicana.com\/fr\/wp-json\/wp\/v2\/types\/page"}],"author":[{"embeddable":true,"href":"https:\/\/old.skyhighdominicana.com\/fr\/wp-json\/wp\/v2\/users\/1"}],"replies":[{"embeddable":true,"href":"https:\/\/old.skyhighdominicana.com\/fr\/wp-json\/wp\/v2\/comments?post=4695"}],"version-history":[{"count":0,"href":"https:\/\/old.skyhighdominicana.com\/fr\/wp-json\/wp\/v2\/pages\/4695\/revisions"}],"up":[{"embeddable":true,"href":"https:\/\/old.skyhighdominicana.com\/fr\/wp-json\/wp\/v2\/pages\/583"}],"wp:featuredmedia":[{"embeddable":true,"href":"https:\/\/old.skyhighdominicana.com\/fr\/wp-json\/"}],"wp:attachment":[{"href":"https:\/\/old.skyhighdominicana.com\/fr\/wp-json\/wp\/v2\/media?parent=4695"}],"curies":[{"name":"wp","href":"https:\/\/api.w.org\/{rel}","templated":true}]}}