{"id":1574,"date":"2022-06-14T05:00:05","date_gmt":"2022-06-14T05:00:05","guid":{"rendered":"https:\/\/old.skyhighdominicana.com\/?page_id=1574"},"modified":"2023-05-22T03:58:22","modified_gmt":"2023-05-22T03:58:22","slug":"terminos-condiciones","status":"publish","type":"page","link":"https:\/\/old.skyhighdominicana.com\/fr\/terminos-condiciones\/","title":{"rendered":"Termes et conditions"},"content":{"rendered":"<div data-elementor-type=\"wp-page\" data-elementor-id=\"1574\" class=\"elementor elementor-1574\" data-elementor-post-type=\"page\">\n\t\t\t\t\t\t<section class=\"elementor-section elementor-top-section elementor-element elementor-element-2a86673 elementor-section-height-min-height elementor-section-boxed elementor-section-height-default elementor-section-items-middle\" data-id=\"2a86673\" data-element_type=\"section\" data-e-type=\"section\" data-settings=\"{&quot;background_background&quot;:&quot;classic&quot;}\">\n\t\t\t\t\t\t\t<div class=\"elementor-background-overlay\"><\/div>\n\t\t\t\t\t\t\t<div class=\"elementor-container elementor-column-gap-no\">\n\t\t\t\t\t<div class=\"elementor-column elementor-col-100 elementor-top-column elementor-element elementor-element-6fb3243\" data-id=\"6fb3243\" data-element_type=\"column\" data-e-type=\"column\" data-settings=\"{&quot;background_background&quot;:&quot;classic&quot;}\">\n\t\t\t<div class=\"elementor-widget-wrap elementor-element-populated\">\n\t\t\t\t\t<div class=\"elementor-background-overlay\"><\/div>\n\t\t\t\t\t\t\t<\/div>\n\t\t<\/div>\n\t\t\t\t\t<\/div>\n\t\t<\/section>\n\t\t\t\t<section class=\"elementor-section elementor-top-section elementor-element elementor-element-8303849 elementor-section-boxed elementor-section-height-default elementor-section-height-default\" data-id=\"8303849\" data-element_type=\"section\" data-e-type=\"section\" data-settings=\"{&quot;background_background&quot;:&quot;classic&quot;}\">\n\t\t\t\t\t\t<div class=\"elementor-container elementor-column-gap-default\">\n\t\t\t\t\t<div class=\"elementor-column elementor-col-100 elementor-top-column elementor-element elementor-element-f31f602\" data-id=\"f31f602\" data-element_type=\"column\" data-e-type=\"column\">\n\t\t\t<div class=\"elementor-widget-wrap elementor-element-populated\">\n\t\t\t\t\t\t<div class=\"elementor-element elementor-element-0987d4f elementor-widget elementor-widget-text-editor\" data-id=\"0987d4f\" data-element_type=\"widget\" data-e-type=\"widget\" data-widget_type=\"text-editor.default\">\n\t\t\t\t<div class=\"elementor-widget-container\">\n\t\t\t\t\t\t\t\t\t<p>Bienvenue \u00e0 SKYhigh Dominicana. En acc\u00e9dant et en utilisant notre site Web, vous acceptez d&#039;\u00eatre li\u00e9 par les termes et conditions suivants. Si vous n&#039;acceptez pas ces termes et conditions, veuillez ne pas utiliser notre site Web.<\/p>\t\t\t\t\t\t\t\t<\/div>\n\t\t\t\t<\/div>\n\t\t\t\t<div class=\"elementor-element elementor-element-da19f2f elementor-widget elementor-widget-heading\" data-id=\"da19f2f\" data-element_type=\"widget\" data-e-type=\"widget\" data-widget_type=\"heading.default\">\n\t\t\t\t<div class=\"elementor-widget-container\">\n\t\t\t\t\t<h5 class=\"elementor-heading-title elementor-size-default\">Droits de propri\u00e9t\u00e9 intellectuelle\n\n<\/h5>\t\t\t\t<\/div>\n\t\t\t\t<\/div>\n\t\t\t\t<div class=\"elementor-element elementor-element-02564b7 elementor-widget elementor-widget-text-editor\" data-id=\"02564b7\" data-element_type=\"widget\" data-e-type=\"widget\" data-widget_type=\"text-editor.default\">\n\t\t\t\t<div class=\"elementor-widget-container\">\n\t\t\t\t\t\t\t\t\tSKYhigh Dominicana d\u00e9tient tous les droits de propri\u00e9t\u00e9 intellectuelle associ\u00e9s \u00e0 son site Web, y compris, sans s&#039;y limiter, tous les droits d&#039;auteur, marques de commerce, brevets, secrets commerciaux et autres droits de propri\u00e9t\u00e9. Vous n&#039;\u00eates pas autoris\u00e9 \u00e0 utiliser l&#039;une de nos marques sans notre consentement \u00e9crit pr\u00e9alable.\n\n\t\t\t\t\t\t\t\t<\/div>\n\t\t\t\t<\/div>\n\t\t\t\t<div class=\"elementor-element elementor-element-5b4af62 elementor-widget elementor-widget-heading\" data-id=\"5b4af62\" data-element_type=\"widget\" data-e-type=\"widget\" data-widget_type=\"heading.default\">\n\t\t\t\t<div class=\"elementor-widget-container\">\n\t\t\t\t\t<h5 class=\"elementor-heading-title elementor-size-default\">Contenu du site Web\n\n<\/h5>\t\t\t\t<\/div>\n\t\t\t\t<\/div>\n\t\t\t\t<div class=\"elementor-element elementor-element-3fbb9f1 elementor-widget elementor-widget-text-editor\" data-id=\"3fbb9f1\" data-element_type=\"widget\" data-e-type=\"widget\" data-widget_type=\"text-editor.default\">\n\t\t\t\t<div class=\"elementor-widget-container\">\n\t\t\t\t\t\t\t\t\tTout le contenu de notre site Web est fourni \u00e0 titre informatif seulement. Nous ne sommes pas responsables de l&#039;exactitude, de l&#039;exhaustivit\u00e9, de l&#039;actualit\u00e9 ou de la disponibilit\u00e9 des informations fournies sur notre site Web. Nous nous r\u00e9servons le droit de modifier ou de supprimer toute information ou contenu de notre site Web sans pr\u00e9avis.\n\n\t\t\t\t\t\t\t\t<\/div>\n\t\t\t\t<\/div>\n\t\t\t\t<div class=\"elementor-element elementor-element-bf75460 elementor-widget elementor-widget-heading\" data-id=\"bf75460\" data-element_type=\"widget\" data-e-type=\"widget\" data-widget_type=\"heading.default\">\n\t\t\t\t<div class=\"elementor-widget-container\">\n\t\t\t\t\t<h5 class=\"elementor-heading-title elementor-size-default\">R\u00e9servations et achats\n<\/h5>\t\t\t\t<\/div>\n\t\t\t\t<\/div>\n\t\t\t\t<div class=\"elementor-element elementor-element-edaa952 elementor-widget elementor-widget-text-editor\" data-id=\"edaa952\" data-element_type=\"widget\" data-e-type=\"widget\" data-widget_type=\"text-editor.default\">\n\t\t\t\t<div class=\"elementor-widget-container\">\n\t\t\t\t\t\t\t\t\tEn effectuant une r\u00e9servation ou en achetant un billet sur notre site Web, vous acceptez d&#039;\u00eatre li\u00e9 par les termes et conditions de notre politique de r\u00e9servation et d&#039;achat. Les termes et conditions de notre politique de r\u00e9servation et d&#039;achat sont consid\u00e9r\u00e9s comme faisant partie des pr\u00e9sentes conditions g\u00e9n\u00e9rales.\n\n\t\t\t\t\t\t\t\t<\/div>\n\t\t\t\t<\/div>\n\t\t\t\t<div class=\"elementor-element elementor-element-083f49c elementor-widget elementor-widget-heading\" data-id=\"083f49c\" data-element_type=\"widget\" data-e-type=\"widget\" data-widget_type=\"heading.default\">\n\t\t\t\t<div class=\"elementor-widget-container\">\n\t\t\t\t\t<h5 class=\"elementor-heading-title elementor-size-default\">Limitation de responsabilit\u00e9\n<\/h5>\t\t\t\t<\/div>\n\t\t\t\t<\/div>\n\t\t\t\t<div class=\"elementor-element elementor-element-3b5f945 elementor-widget elementor-widget-text-editor\" data-id=\"3b5f945\" data-element_type=\"widget\" data-e-type=\"widget\" data-widget_type=\"text-editor.default\">\n\t\t\t\t<div class=\"elementor-widget-container\">\n\t\t\t\t\t\t\t\t\tSKYhigh Dominicana ne sera pas responsable des dommages, pertes ou co\u00fbts, directs, indirects, sp\u00e9ciaux, cons\u00e9cutifs ou autres, r\u00e9sultant de l&#039;utilisation ou de l&#039;impossibilit\u00e9 d&#039;utiliser notre site Web ou toute information ou contenu fourni sur notre site. Web.\n\n\t\t\t\t\t\t\t\t<\/div>\n\t\t\t\t<\/div>\n\t\t\t\t<div class=\"elementor-element elementor-element-c3b9045 elementor-widget elementor-widget-heading\" data-id=\"c3b9045\" data-element_type=\"widget\" data-e-type=\"widget\" data-widget_type=\"heading.default\">\n\t\t\t\t<div class=\"elementor-widget-container\">\n\t\t\t\t\t<h5 class=\"elementor-heading-title elementor-size-default\">Loi applicable\n<\/h5>\t\t\t\t<\/div>\n\t\t\t\t<\/div>\n\t\t\t\t<div class=\"elementor-element elementor-element-db3dce9 elementor-widget elementor-widget-text-editor\" data-id=\"db3dce9\" data-element_type=\"widget\" data-e-type=\"widget\" data-widget_type=\"text-editor.default\">\n\t\t\t\t<div class=\"elementor-widget-container\">\n\t\t\t\t\t\t\t\t\tCes termes et conditions seront r\u00e9gis et interpr\u00e9t\u00e9s conform\u00e9ment aux lois de la R\u00e9publique dominicaine. Tout litige survenant en relation avec ces termes et conditions sera r\u00e9solu par les tribunaux comp\u00e9tents de la R\u00e9publique dominicaine.\t\t\t\t\t\t\t\t<\/div>\n\t\t\t\t<\/div>\n\t\t\t\t<div class=\"elementor-element elementor-element-921679f elementor-widget elementor-widget-heading\" data-id=\"921679f\" data-element_type=\"widget\" data-e-type=\"widget\" data-widget_type=\"heading.default\">\n\t\t\t\t<div class=\"elementor-widget-container\">\n\t\t\t\t\t<h5 class=\"elementor-heading-title elementor-size-default\">Modifications\n<\/h5>\t\t\t\t<\/div>\n\t\t\t\t<\/div>\n\t\t\t\t<div class=\"elementor-element elementor-element-ded0772 elementor-widget elementor-widget-text-editor\" data-id=\"ded0772\" data-element_type=\"widget\" data-e-type=\"widget\" data-widget_type=\"text-editor.default\">\n\t\t\t\t<div class=\"elementor-widget-container\">\n\t\t\t\t\t\t\t\t\tNous nous r\u00e9servons le droit de modifier ces termes et conditions \u00e0 tout moment et sans pr\u00e9avis. Toute modification prendra effet d\u00e8s sa mise en ligne sur notre site. Votre utilisation continue de notre site Web apr\u00e8s la publication des modifications constituera votre acceptation des nouvelles conditions g\u00e9n\u00e9rales.\n\n\n\n\t\t\t\t\t\t\t\t<\/div>\n\t\t\t\t<\/div>\n\t\t\t\t\t<\/div>\n\t\t<\/div>\n\t\t\t\t\t<\/div>\n\t\t<\/section>\n\t\t\t\t<\/div>","protected":false},"excerpt":{"rendered":"<p>Bienvenue \u00e0 SKYhigh Dominicana. En acc\u00e9dant et en utilisant notre site Web, vous acceptez d&#039;\u00eatre li\u00e9 par les termes et conditions suivants. Si vous n&#039;acceptez pas ces termes et conditions, veuillez ne pas utiliser notre site Web. Droits de propri\u00e9t\u00e9 intellectuelle SKYhigh Dominicana d\u00e9tient tous les droits de propri\u00e9t\u00e9 intellectuelle associ\u00e9s \u00e0\u2026 <a class=\"more-link\" href=\"https:\/\/old.skyhighdominicana.com\/fr\/terminos-condiciones\/\">Poursuivre la conf\u00e9rence <span class=\"screen-reader-text\">Termes et conditions<\/span><\/a><\/p>","protected":false},"author":1,"featured_media":0,"parent":0,"menu_order":0,"comment_status":"closed","ping_status":"closed","template":"elementor_header_footer","meta":{"content-type":"","footnotes":""},"class_list":["post-1574","page","type-page","status-publish","hentry","entry"],"yoast_head":"<!-- This site is optimized with the Yoast SEO plugin v22.6 - https:\/\/yoast.com\/wordpress\/plugins\/seo\/ -->\n<title>T\u00e9rminos y Condiciones - SKYhigh Aviation Services Dominicana S.A.<\/title>\n<meta name=\"robots\" content=\"noindex, follow, max-snippet:-1, max-image-preview:large, max-video-preview:-1\" \/>\n<meta property=\"og:locale\" content=\"fr_FR\" \/>\n<meta property=\"og:type\" content=\"article\" \/>\n<meta property=\"og:title\" content=\"T\u00e9rminos y Condiciones - SKYhigh Aviation Services Dominicana S.A.\" \/>\n<meta property=\"og:description\" content=\"Bienvenido a SKYhigh Dominicana. Al acceder y utilizar nuestro sitio web, usted acepta estar sujeto a los siguientes t\u00e9rminos y condiciones. Si no est\u00e1 de acuerdo con estos t\u00e9rminos y condiciones, por favor, no utilice nuestro sitio web. Derechos de Propiedad Intelectual SKYhigh Dominicana es propietaria de todos los derechos de propiedad intelectual asociados con&hellip; Poursuivre la lecture T\u00e9rminos y Condiciones\" \/>\n<meta property=\"og:url\" content=\"https:\/\/old.skyhighdominicana.com\/fr\/terminos-condiciones\/\" \/>\n<meta property=\"og:site_name\" content=\"SKYhigh Aviation Services Dominicana S.A.\" \/>\n<meta property=\"article:modified_time\" content=\"2023-05-22T03:58:22+00:00\" \/>\n<meta name=\"twitter:card\" content=\"summary_large_image\" \/>\n<meta name=\"twitter:label1\" content=\"Dur\u00e9e de lecture estim\u00e9e\" \/>\n\t<meta name=\"twitter:data1\" content=\"2 minutes\" \/>\n<script type=\"application\/ld+json\" class=\"yoast-schema-graph\">{\"@context\":\"https:\/\/schema.org\",\"@graph\":[{\"@type\":\"WebPage\",\"@id\":\"https:\/\/old.skyhighdominicana.com\/terminos-condiciones\/\",\"url\":\"https:\/\/old.skyhighdominicana.com\/terminos-condiciones\/\",\"name\":\"T\u00e9rminos y Condiciones - SKYhigh Aviation Services Dominicana S.A.\",\"isPartOf\":{\"@id\":\"https:\/\/old.skyhighdominicana.com\/#website\"},\"datePublished\":\"2022-06-14T05:00:05+00:00\",\"dateModified\":\"2023-05-22T03:58:22+00:00\",\"breadcrumb\":{\"@id\":\"https:\/\/old.skyhighdominicana.com\/terminos-condiciones\/#breadcrumb\"},\"inLanguage\":\"fr-FR\",\"potentialAction\":[{\"@type\":\"ReadAction\",\"target\":[\"https:\/\/old.skyhighdominicana.com\/terminos-condiciones\/\"]}]},{\"@type\":\"BreadcrumbList\",\"@id\":\"https:\/\/old.skyhighdominicana.com\/terminos-condiciones\/#breadcrumb\",\"itemListElement\":[{\"@type\":\"ListItem\",\"position\":1,\"name\":\"Portada\",\"item\":\"https:\/\/old.skyhighdominicana.com\/\"},{\"@type\":\"ListItem\",\"position\":2,\"name\":\"T\u00e9rminos y Condiciones\"}]},{\"@type\":\"WebSite\",\"@id\":\"https:\/\/old.skyhighdominicana.com\/#website\",\"url\":\"https:\/\/old.skyhighdominicana.com\/\",\"name\":\"SKYhigh Aviation Services Dominicana S.A.\",\"description\":\"Nacidos con la visi\u00f3n de aportar a la aviaci\u00f3n dominicana una empresa con sin\u00f3nimo de calidad\",\"publisher\":{\"@id\":\"https:\/\/old.skyhighdominicana.com\/#organization\"},\"potentialAction\":[{\"@type\":\"SearchAction\",\"target\":{\"@type\":\"EntryPoint\",\"urlTemplate\":\"https:\/\/old.skyhighdominicana.com\/?s={search_term_string}\"},\"query-input\":\"required name=search_term_string\"}],\"inLanguage\":\"fr-FR\"},{\"@type\":\"Organization\",\"@id\":\"https:\/\/old.skyhighdominicana.com\/#organization\",\"name\":\"SKYhigh Aviation Services Dominicana S.A.\",\"url\":\"https:\/\/old.skyhighdominicana.com\/\",\"logo\":{\"@type\":\"ImageObject\",\"inLanguage\":\"fr-FR\",\"@id\":\"https:\/\/old.skyhighdominicana.com\/#\/schema\/logo\/image\/\",\"url\":\"https:\/\/old.skyhighdominicana.com\/wp-content\/uploads\/2023\/04\/SKYhigh-Logo-SKYhigh.svg\",\"contentUrl\":\"https:\/\/old.skyhighdominicana.com\/wp-content\/uploads\/2023\/04\/SKYhigh-Logo-SKYhigh.svg\",\"width\":411,\"height\":112,\"caption\":\"SKYhigh Aviation Services Dominicana S.A.\"},\"image\":{\"@id\":\"https:\/\/old.skyhighdominicana.com\/#\/schema\/logo\/image\/\"}}]}<\/script>\n<!-- \/ Yoast SEO plugin. -->","yoast_head_json":{"title":"T\u00e9rminos y Condiciones - SKYhigh Aviation Services Dominicana S.A.","robots":{"index":"noindex","follow":"follow","max-snippet":"max-snippet:-1","max-image-preview":"max-image-preview:large","max-video-preview":"max-video-preview:-1"},"og_locale":"fr_FR","og_type":"article","og_title":"T\u00e9rminos y Condiciones - SKYhigh Aviation Services Dominicana S.A.","og_description":"Bienvenido a SKYhigh Dominicana. Al acceder y utilizar nuestro sitio web, usted acepta estar sujeto a los siguientes t\u00e9rminos y condiciones. Si no est\u00e1 de acuerdo con estos t\u00e9rminos y condiciones, por favor, no utilice nuestro sitio web. Derechos de Propiedad Intelectual SKYhigh Dominicana es propietaria de todos los derechos de propiedad intelectual asociados con&hellip; Poursuivre la lecture T\u00e9rminos y Condiciones","og_url":"https:\/\/old.skyhighdominicana.com\/fr\/terminos-condiciones\/","og_site_name":"SKYhigh Aviation Services Dominicana S.A.","article_modified_time":"2023-05-22T03:58:22+00:00","twitter_card":"summary_large_image","twitter_misc":{"Dur\u00e9e de lecture estim\u00e9e":"2 minutes"},"schema":{"@context":"https:\/\/schema.org","@graph":[{"@type":"WebPage","@id":"https:\/\/old.skyhighdominicana.com\/terminos-condiciones\/","url":"https:\/\/old.skyhighdominicana.com\/terminos-condiciones\/","name":"T\u00e9rminos y Condiciones - SKYhigh Aviation Services Dominicana S.A.","isPartOf":{"@id":"https:\/\/old.skyhighdominicana.com\/#website"},"datePublished":"2022-06-14T05:00:05+00:00","dateModified":"2023-05-22T03:58:22+00:00","breadcrumb":{"@id":"https:\/\/old.skyhighdominicana.com\/terminos-condiciones\/#breadcrumb"},"inLanguage":"fr-FR","potentialAction":[{"@type":"ReadAction","target":["https:\/\/old.skyhighdominicana.com\/terminos-condiciones\/"]}]},{"@type":"BreadcrumbList","@id":"https:\/\/old.skyhighdominicana.com\/terminos-condiciones\/#breadcrumb","itemListElement":[{"@type":"ListItem","position":1,"name":"Portada","item":"https:\/\/old.skyhighdominicana.com\/"},{"@type":"ListItem","position":2,"name":"T\u00e9rminos y Condiciones"}]},{"@type":"WebSite","@id":"https:\/\/old.skyhighdominicana.com\/#website","url":"https:\/\/old.skyhighdominicana.com\/","name":"SKYhigh Aviation Services Dominicaine SA","description":"N\u00e9 avec la vision de contribuer \u00e0 l&#039;aviation dominicaine une entreprise synonyme de qualit\u00e9","publisher":{"@id":"https:\/\/old.skyhighdominicana.com\/#organization"},"potentialAction":[{"@type":"SearchAction","target":{"@type":"EntryPoint","urlTemplate":"https:\/\/old.skyhighdominicana.com\/?s={search_term_string}"},"query-input":"required name=search_term_string"}],"inLanguage":"fr-FR"},{"@type":"Organization","@id":"https:\/\/old.skyhighdominicana.com\/#organization","name":"SKYhigh Aviation Services Dominicaine SA","url":"https:\/\/old.skyhighdominicana.com\/","logo":{"@type":"ImageObject","inLanguage":"fr-FR","@id":"https:\/\/old.skyhighdominicana.com\/#\/schema\/logo\/image\/","url":"https:\/\/old.skyhighdominicana.com\/wp-content\/uploads\/2023\/04\/SKYhigh-Logo-SKYhigh.svg","contentUrl":"https:\/\/old.skyhighdominicana.com\/wp-content\/uploads\/2023\/04\/SKYhigh-Logo-SKYhigh.svg","width":411,"height":112,"caption":"SKYhigh Aviation Services Dominicana S.A."},"image":{"@id":"https:\/\/old.skyhighdominicana.com\/#\/schema\/logo\/image\/"}}]}},"_links":{"self":[{"href":"https:\/\/old.skyhighdominicana.com\/fr\/wp-json\/wp\/v2\/pages\/1574","targetHints":{"allow":["GET"]}}],"collection":[{"href":"https:\/\/old.skyhighdominicana.com\/fr\/wp-json\/wp\/v2\/pages"}],"about":[{"href":"https:\/\/old.skyhighdominicana.com\/fr\/wp-json\/wp\/v2\/types\/page"}],"author":[{"embeddable":true,"href":"https:\/\/old.skyhighdominicana.com\/fr\/wp-json\/wp\/v2\/users\/1"}],"replies":[{"embeddable":true,"href":"https:\/\/old.skyhighdominicana.com\/fr\/wp-json\/wp\/v2\/comments?post=1574"}],"version-history":[{"count":3,"href":"https:\/\/old.skyhighdominicana.com\/fr\/wp-json\/wp\/v2\/pages\/1574\/revisions"}],"predecessor-version":[{"id":7517,"href":"https:\/\/old.skyhighdominicana.com\/fr\/wp-json\/wp\/v2\/pages\/1574\/revisions\/7517"}],"wp:attachment":[{"href":"https:\/\/old.skyhighdominicana.com\/fr\/wp-json\/wp\/v2\/media?parent=1574"}],"curies":[{"name":"wp","href":"https:\/\/api.w.org\/{rel}","templated":true}]}}