{"id":2563,"date":"2022-07-08T20:53:02","date_gmt":"2022-07-08T20:53:02","guid":{"rendered":"https:\/\/old.skyhighdominicana.com\/?page_id=2563"},"modified":"2023-08-28T16:07:35","modified_gmt":"2023-08-28T16:07:35","slug":"comprar-ahora","status":"publish","type":"page","link":"https:\/\/old.skyhighdominicana.com\/en\/comprar-ahora\/","title":{"rendered":"Purchase of Flight Ticket"},"content":{"rendered":"<div data-elementor-type=\"wp-page\" data-elementor-id=\"2563\" class=\"elementor elementor-2563\" data-elementor-post-type=\"page\">\n\t\t\t\t\t\t<section class=\"elementor-section elementor-top-section elementor-element elementor-element-09bfea5 elementor-section-full_width elementor-section-height-default elementor-section-height-default\" data-id=\"09bfea5\" data-element_type=\"section\" data-e-type=\"section\" data-settings=\"{&quot;background_background&quot;:&quot;classic&quot;}\">\n\t\t\t\t\t\t<div class=\"elementor-container elementor-column-gap-no\">\n\t\t\t\t\t<div class=\"elementor-column elementor-col-100 elementor-top-column elementor-element elementor-element-3e7d617\" data-id=\"3e7d617\" data-element_type=\"column\" data-e-type=\"column\">\n\t\t\t<div class=\"elementor-widget-wrap elementor-element-populated\">\n\t\t\t\t\t\t<section class=\"elementor-section elementor-inner-section elementor-element elementor-element-a8c4d53 elementor-section-full_width elementor-section-height-default elementor-section-height-default\" data-id=\"a8c4d53\" data-element_type=\"section\" data-e-type=\"section\" data-settings=\"{&quot;background_background&quot;:&quot;classic&quot;}\">\n\t\t\t\t\t\t<div class=\"elementor-container elementor-column-gap-default\">\n\t\t\t\t\t<div class=\"elementor-column elementor-col-50 elementor-inner-column elementor-element elementor-element-a80c5c7\" data-id=\"a80c5c7\" data-element_type=\"column\" data-e-type=\"column\">\n\t\t\t<div class=\"elementor-widget-wrap elementor-element-populated\">\n\t\t\t\t\t\t<div class=\"elementor-element elementor-element-bdafa77 elementor-widget elementor-widget-image\" data-id=\"bdafa77\" data-element_type=\"widget\" data-e-type=\"widget\" data-widget_type=\"image.default\">\n\t\t\t\t<div class=\"elementor-widget-container\">\n\t\t\t\t\t\t\t\t\t\t\t\t\t\t\t\t<a href=\"\/en\/\">\n\t\t\t\t\t\t\t<img decoding=\"async\" src=\"https:\/\/old.skyhighdominicana.com\/wp-content\/uploads\/2023\/04\/SKYhigh-Logo-SKYhigh.svg\" title=\"SKYhigh Aviation Services Dominican\" alt=\"SKYhigh Aviation Services Dominicana\" loading=\"lazy\" \/>\t\t\t\t\t\t\t\t<\/a>\n\t\t\t\t\t\t\t\t\t\t\t\t\t\t\t<\/div>\n\t\t\t\t<\/div>\n\t\t\t\t\t<\/div>\n\t\t<\/div>\n\t\t\t\t<div class=\"elementor-column elementor-col-50 elementor-inner-column elementor-element elementor-element-2547f66\" data-id=\"2547f66\" data-element_type=\"column\" data-e-type=\"column\">\n\t\t\t<div class=\"elementor-widget-wrap\">\n\t\t\t\t\t\t\t<\/div>\n\t\t<\/div>\n\t\t\t\t\t<\/div>\n\t\t<\/section>\n\t\t\t\t\t<\/div>\n\t\t<\/div>\n\t\t\t\t\t<\/div>\n\t\t<\/section>\n\t\t\t\t<section class=\"elementor-section elementor-top-section elementor-element elementor-element-0bdeea7 elementor-section-height-full elementor-section-items-top elementor-section-boxed elementor-section-height-default\" data-id=\"0bdeea7\" data-element_type=\"section\" data-e-type=\"section\" data-settings=\"{&quot;background_background&quot;:&quot;classic&quot;}\">\n\t\t\t\t\t\t<div class=\"elementor-container elementor-column-gap-default\">\n\t\t\t\t\t<div class=\"elementor-column elementor-col-100 elementor-top-column elementor-element elementor-element-46c47c5\" data-id=\"46c47c5\" data-element_type=\"column\" data-e-type=\"column\">\n\t\t\t<div class=\"elementor-widget-wrap elementor-element-populated\">\n\t\t\t\t\t\t<section class=\"elementor-section elementor-inner-section elementor-element elementor-element-695291b elementor-section-boxed elementor-section-height-default elementor-section-height-default\" data-id=\"695291b\" data-element_type=\"section\" data-e-type=\"section\">\n\t\t\t\t\t\t<div class=\"elementor-container elementor-column-gap-default\">\n\t\t\t\t\t<div class=\"elementor-column elementor-col-100 elementor-inner-column elementor-element elementor-element-11b3cf1\" data-id=\"11b3cf1\" data-element_type=\"column\" data-e-type=\"column\">\n\t\t\t<div class=\"elementor-widget-wrap elementor-element-populated\">\n\t\t\t\t\t\t<div class=\"elementor-element elementor-element-f538091 elementor-widget elementor-widget-html\" data-id=\"f538091\" data-element_type=\"widget\" data-e-type=\"widget\" data-widget_type=\"html.default\">\n\t\t\t\t<div class=\"elementor-widget-container\">\n\t\t\t\t\t<style>.elementor-element-f538091{display:none !important}<\/style>\t\t\t\t<\/div>\n\t\t\t\t<\/div>\n\t\t\t\t<div class=\"elementor-element elementor-element-e8676bf elementor-widget elementor-widget-html\" data-id=\"e8676bf\" data-element_type=\"widget\" data-e-type=\"widget\" data-widget_type=\"html.default\">\n\t\t\t\t<div class=\"elementor-widget-container\">\n\t\t\t\t\t<iframe height=\"580\" scrolling = \"no\"\n class=\"booking-iframe\" src=\"https:\/\/skyhighdominicana.kiusys.net\/booking\/widget?carrier=do&lang=en\"><\/iframe>\n\t\t\t\t<\/div>\n\t\t\t\t<\/div>\n\t\t\t\t<div class=\"elementor-element elementor-element-84107fa elementor-widget elementor-widget-html\" data-id=\"84107fa\" data-element_type=\"widget\" data-e-type=\"widget\" data-widget_type=\"html.default\">\n\t\t\t\t<div class=\"elementor-widget-container\">\n\t\t\t\t\t<style>.elementor-element-84107fa{display:none !important}<\/style>\t\t\t\t<\/div>\n\t\t\t\t<\/div>\n\t\t\t\t\t<\/div>\n\t\t<\/div>\n\t\t\t\t\t<\/div>\n\t\t<\/section>\n\t\t\t\t\t<\/div>\n\t\t<\/div>\n\t\t\t\t\t<\/div>\n\t\t<\/section>\n\t\t\t\t<section class=\"elementor-section elementor-top-section elementor-element elementor-element-a3a3cf6 elementor-section-full_width elementor-section-height-default elementor-section-height-default\" data-id=\"a3a3cf6\" data-element_type=\"section\" data-e-type=\"section\" data-settings=\"{&quot;background_background&quot;:&quot;classic&quot;}\">\n\t\t\t\t\t\t<div class=\"elementor-container elementor-column-gap-no\">\n\t\t\t\t\t<div class=\"elementor-column elementor-col-50 elementor-top-column elementor-element elementor-element-ecb1295\" data-id=\"ecb1295\" data-element_type=\"column\" data-e-type=\"column\">\n\t\t\t<div class=\"elementor-widget-wrap elementor-element-populated\">\n\t\t\t\t\t\t<div class=\"elementor-element elementor-element-0129b89 elementor-widget elementor-widget-heading\" data-id=\"0129b89\" data-element_type=\"widget\" data-e-type=\"widget\" data-widget_type=\"heading.default\">\n\t\t\t\t<div class=\"elementor-widget-container\">\n\t\t\t\t\t<h2 class=\"elementor-heading-title elementor-size-default\">Copyright \u00a9 2021 \u2013 Developed by Kiu System Solutions\n<\/h2>\t\t\t\t<\/div>\n\t\t\t\t<\/div>\n\t\t\t\t\t<\/div>\n\t\t<\/div>\n\t\t\t\t<div class=\"elementor-column elementor-col-50 elementor-top-column elementor-element elementor-element-2e17218\" data-id=\"2e17218\" data-element_type=\"column\" data-e-type=\"column\">\n\t\t\t<div class=\"elementor-widget-wrap elementor-element-populated\">\n\t\t\t\t\t\t<div class=\"elementor-element elementor-element-4edf76c elementor-widget elementor-widget-image\" data-id=\"4edf76c\" data-element_type=\"widget\" data-e-type=\"widget\" data-widget_type=\"image.default\">\n\t\t\t\t<div class=\"elementor-widget-container\">\n\t\t\t\t\t\t\t\t\t\t\t\t\t\t\t<img decoding=\"async\" src=\"https:\/\/old.skyhighdominicana.com\/wp-content\/uploads\/2023\/04\/SKYhigh-Favicon-SKYhigh.svg\" title=\"SKYhigh Aviation Services Dominican\" alt=\"SKYhigh Aviation Services Dominicana\" loading=\"lazy\" \/>\t\t\t\t\t\t\t\t\t\t\t\t\t\t\t<\/div>\n\t\t\t\t<\/div>\n\t\t\t\t\t<\/div>\n\t\t<\/div>\n\t\t\t\t\t<\/div>\n\t\t<\/section>\n\t\t\t\t<\/div>","protected":false},"excerpt":{"rendered":"<p>Copyright \u00a9 2021 \u2013 Developed by Kiu System Solutions<\/p>","protected":false},"author":1,"featured_media":0,"parent":0,"menu_order":0,"comment_status":"closed","ping_status":"closed","template":"elementor_canvas","meta":{"content-type":"","footnotes":""},"class_list":["post-2563","page","type-page","status-publish","hentry","entry"],"yoast_head":"<!-- This site is optimized with the Yoast SEO plugin v22.6 - https:\/\/yoast.com\/wordpress\/plugins\/seo\/ -->\n<title>Compra de Boleto de Vuelo - SKYhigh Aviation Services Dominicana S.A.<\/title>\n<meta name=\"robots\" content=\"noindex, follow, max-snippet:-1, max-image-preview:large, max-video-preview:-1\" \/>\n<meta property=\"og:locale\" content=\"en_US\" \/>\n<meta property=\"og:type\" content=\"article\" \/>\n<meta property=\"og:title\" content=\"Compra de Boleto de Vuelo - SKYhigh Aviation Services Dominicana S.A.\" \/>\n<meta property=\"og:description\" content=\"Copyright \u00a9 2021 \u2013 Desarrollado por Kiu System Solutions\" \/>\n<meta property=\"og:url\" content=\"https:\/\/old.skyhighdominicana.com\/en\/comprar-ahora\/\" \/>\n<meta property=\"og:site_name\" content=\"SKYhigh Aviation Services Dominicana S.A.\" \/>\n<meta property=\"article:modified_time\" content=\"2023-08-28T16:07:35+00:00\" \/>\n<meta property=\"og:image\" content=\"http:\/\/old.skyhighdominicana.com\/wp-content\/uploads\/2023\/04\/SKYhigh-Logo-SKYhigh.svg\" \/>\n<meta name=\"twitter:card\" content=\"summary_large_image\" \/>\n<script type=\"application\/ld+json\" class=\"yoast-schema-graph\">{\"@context\":\"https:\/\/schema.org\",\"@graph\":[{\"@type\":\"WebPage\",\"@id\":\"https:\/\/old.skyhighdominicana.com\/comprar-ahora\/\",\"url\":\"https:\/\/old.skyhighdominicana.com\/comprar-ahora\/\",\"name\":\"Compra de Boleto de Vuelo - SKYhigh Aviation Services Dominicana S.A.\",\"isPartOf\":{\"@id\":\"https:\/\/old.skyhighdominicana.com\/#website\"},\"primaryImageOfPage\":{\"@id\":\"https:\/\/old.skyhighdominicana.com\/comprar-ahora\/#primaryimage\"},\"image\":{\"@id\":\"https:\/\/old.skyhighdominicana.com\/comprar-ahora\/#primaryimage\"},\"thumbnailUrl\":\"http:\/\/old.skyhighdominicana.com\/wp-content\/uploads\/2023\/04\/SKYhigh-Logo-SKYhigh.svg\",\"datePublished\":\"2022-07-08T20:53:02+00:00\",\"dateModified\":\"2023-08-28T16:07:35+00:00\",\"breadcrumb\":{\"@id\":\"https:\/\/old.skyhighdominicana.com\/comprar-ahora\/#breadcrumb\"},\"inLanguage\":\"en-US\",\"potentialAction\":[{\"@type\":\"ReadAction\",\"target\":[\"https:\/\/old.skyhighdominicana.com\/comprar-ahora\/\"]}]},{\"@type\":\"ImageObject\",\"inLanguage\":\"en-US\",\"@id\":\"https:\/\/old.skyhighdominicana.com\/comprar-ahora\/#primaryimage\",\"url\":\"http:\/\/old.skyhighdominicana.com\/wp-content\/uploads\/2023\/04\/SKYhigh-Logo-SKYhigh.svg\",\"contentUrl\":\"http:\/\/old.skyhighdominicana.com\/wp-content\/uploads\/2023\/04\/SKYhigh-Logo-SKYhigh.svg\"},{\"@type\":\"BreadcrumbList\",\"@id\":\"https:\/\/old.skyhighdominicana.com\/comprar-ahora\/#breadcrumb\",\"itemListElement\":[{\"@type\":\"ListItem\",\"position\":1,\"name\":\"Portada\",\"item\":\"https:\/\/old.skyhighdominicana.com\/\"},{\"@type\":\"ListItem\",\"position\":2,\"name\":\"Compra de Boleto de Vuelo\"}]},{\"@type\":\"WebSite\",\"@id\":\"https:\/\/old.skyhighdominicana.com\/#website\",\"url\":\"https:\/\/old.skyhighdominicana.com\/\",\"name\":\"SKYhigh Aviation Services Dominicana S.A.\",\"description\":\"Nacidos con la visi\u00f3n de aportar a la aviaci\u00f3n dominicana una empresa con sin\u00f3nimo de calidad\",\"publisher\":{\"@id\":\"https:\/\/old.skyhighdominicana.com\/#organization\"},\"potentialAction\":[{\"@type\":\"SearchAction\",\"target\":{\"@type\":\"EntryPoint\",\"urlTemplate\":\"https:\/\/old.skyhighdominicana.com\/?s={search_term_string}\"},\"query-input\":\"required name=search_term_string\"}],\"inLanguage\":\"en-US\"},{\"@type\":\"Organization\",\"@id\":\"https:\/\/old.skyhighdominicana.com\/#organization\",\"name\":\"SKYhigh Aviation Services Dominicana S.A.\",\"url\":\"https:\/\/old.skyhighdominicana.com\/\",\"logo\":{\"@type\":\"ImageObject\",\"inLanguage\":\"en-US\",\"@id\":\"https:\/\/old.skyhighdominicana.com\/#\/schema\/logo\/image\/\",\"url\":\"https:\/\/old.skyhighdominicana.com\/wp-content\/uploads\/2023\/04\/SKYhigh-Logo-SKYhigh.svg\",\"contentUrl\":\"https:\/\/old.skyhighdominicana.com\/wp-content\/uploads\/2023\/04\/SKYhigh-Logo-SKYhigh.svg\",\"width\":411,\"height\":112,\"caption\":\"SKYhigh Aviation Services Dominicana S.A.\"},\"image\":{\"@id\":\"https:\/\/old.skyhighdominicana.com\/#\/schema\/logo\/image\/\"}}]}<\/script>\n<!-- \/ Yoast SEO plugin. -->","yoast_head_json":{"title":"Compra de Boleto de Vuelo - SKYhigh Aviation Services Dominicana S.A.","robots":{"index":"noindex","follow":"follow","max-snippet":"max-snippet:-1","max-image-preview":"max-image-preview:large","max-video-preview":"max-video-preview:-1"},"og_locale":"en_US","og_type":"article","og_title":"Compra de Boleto de Vuelo - SKYhigh Aviation Services Dominicana S.A.","og_description":"Copyright \u00a9 2021 \u2013 Desarrollado por Kiu System Solutions","og_url":"https:\/\/old.skyhighdominicana.com\/en\/comprar-ahora\/","og_site_name":"SKYhigh Aviation Services Dominicana S.A.","article_modified_time":"2023-08-28T16:07:35+00:00","og_image":[{"url":"http:\/\/old.skyhighdominicana.com\/wp-content\/uploads\/2023\/04\/SKYhigh-Logo-SKYhigh.svg"}],"twitter_card":"summary_large_image","schema":{"@context":"https:\/\/schema.org","@graph":[{"@type":"WebPage","@id":"https:\/\/old.skyhighdominicana.com\/comprar-ahora\/","url":"https:\/\/old.skyhighdominicana.com\/comprar-ahora\/","name":"Compra de Boleto de Vuelo - SKYhigh Aviation Services Dominicana S.A.","isPartOf":{"@id":"https:\/\/old.skyhighdominicana.com\/#website"},"primaryImageOfPage":{"@id":"https:\/\/old.skyhighdominicana.com\/comprar-ahora\/#primaryimage"},"image":{"@id":"https:\/\/old.skyhighdominicana.com\/comprar-ahora\/#primaryimage"},"thumbnailUrl":"http:\/\/old.skyhighdominicana.com\/wp-content\/uploads\/2023\/04\/SKYhigh-Logo-SKYhigh.svg","datePublished":"2022-07-08T20:53:02+00:00","dateModified":"2023-08-28T16:07:35+00:00","breadcrumb":{"@id":"https:\/\/old.skyhighdominicana.com\/comprar-ahora\/#breadcrumb"},"inLanguage":"en-US","potentialAction":[{"@type":"ReadAction","target":["https:\/\/old.skyhighdominicana.com\/comprar-ahora\/"]}]},{"@type":"ImageObject","inLanguage":"en-US","@id":"https:\/\/old.skyhighdominicana.com\/comprar-ahora\/#primaryimage","url":"http:\/\/old.skyhighdominicana.com\/wp-content\/uploads\/2023\/04\/SKYhigh-Logo-SKYhigh.svg","contentUrl":"http:\/\/old.skyhighdominicana.com\/wp-content\/uploads\/2023\/04\/SKYhigh-Logo-SKYhigh.svg"},{"@type":"BreadcrumbList","@id":"https:\/\/old.skyhighdominicana.com\/comprar-ahora\/#breadcrumb","itemListElement":[{"@type":"ListItem","position":1,"name":"Portada","item":"https:\/\/old.skyhighdominicana.com\/"},{"@type":"ListItem","position":2,"name":"Compra de Boleto de Vuelo"}]},{"@type":"WebSite","@id":"https:\/\/old.skyhighdominicana.com\/#website","url":"https:\/\/old.skyhighdominicana.com\/","name":"SKYhigh Aviation Services Dominicana SA","description":"Born with the vision of contributing to Dominican aviation a company with a synonym of quality","publisher":{"@id":"https:\/\/old.skyhighdominicana.com\/#organization"},"potentialAction":[{"@type":"SearchAction","target":{"@type":"EntryPoint","urlTemplate":"https:\/\/old.skyhighdominicana.com\/?s={search_term_string}"},"query-input":"required name=search_term_string"}],"inLanguage":"en-US"},{"@type":"Organization","@id":"https:\/\/old.skyhighdominicana.com\/#organization","name":"SKYhigh Aviation Services Dominicana SA","url":"https:\/\/old.skyhighdominicana.com\/","logo":{"@type":"ImageObject","inLanguage":"en-US","@id":"https:\/\/old.skyhighdominicana.com\/#\/schema\/logo\/image\/","url":"https:\/\/old.skyhighdominicana.com\/wp-content\/uploads\/2023\/04\/SKYhigh-Logo-SKYhigh.svg","contentUrl":"https:\/\/old.skyhighdominicana.com\/wp-content\/uploads\/2023\/04\/SKYhigh-Logo-SKYhigh.svg","width":411,"height":112,"caption":"SKYhigh Aviation Services Dominicana S.A."},"image":{"@id":"https:\/\/old.skyhighdominicana.com\/#\/schema\/logo\/image\/"}}]}},"_links":{"self":[{"href":"https:\/\/old.skyhighdominicana.com\/en\/wp-json\/wp\/v2\/pages\/2563","targetHints":{"allow":["GET"]}}],"collection":[{"href":"https:\/\/old.skyhighdominicana.com\/en\/wp-json\/wp\/v2\/pages"}],"about":[{"href":"https:\/\/old.skyhighdominicana.com\/en\/wp-json\/wp\/v2\/types\/page"}],"author":[{"embeddable":true,"href":"https:\/\/old.skyhighdominicana.com\/en\/wp-json\/wp\/v2\/users\/1"}],"replies":[{"embeddable":true,"href":"https:\/\/old.skyhighdominicana.com\/en\/wp-json\/wp\/v2\/comments?post=2563"}],"version-history":[{"count":18,"href":"https:\/\/old.skyhighdominicana.com\/en\/wp-json\/wp\/v2\/pages\/2563\/revisions"}],"predecessor-version":[{"id":7738,"href":"https:\/\/old.skyhighdominicana.com\/en\/wp-json\/wp\/v2\/pages\/2563\/revisions\/7738"}],"wp:attachment":[{"href":"https:\/\/old.skyhighdominicana.com\/en\/wp-json\/wp\/v2\/media?parent=2563"}],"curies":[{"name":"wp","href":"https:\/\/api.w.org\/{rel}","templated":true}]}}