{"id":2075,"date":"2022-07-05T17:55:57","date_gmt":"2022-07-05T17:55:57","guid":{"rendered":"https:\/\/old.skyhighdominicana.com\/?page_id=2075"},"modified":"2022-07-05T17:55:57","modified_gmt":"2022-07-05T17:55:57","slug":"cargo-tarjeta-de-credito-a-distancia","status":"publish","type":"page","link":"https:\/\/old.skyhighdominicana.com\/en\/cargo-tarjeta-de-credito-a-distancia\/","title":{"rendered":"Remote Credit Card Charge"},"content":{"rendered":"<div data-elementor-type=\"wp-page\" data-elementor-id=\"2075\" class=\"elementor elementor-2075\" data-elementor-post-type=\"page\">\n\t\t\t\t\t\t<section class=\"elementor-section elementor-top-section elementor-element elementor-element-16b2cb7 elementor-section-boxed elementor-section-height-default elementor-section-height-default\" data-id=\"16b2cb7\" data-element_type=\"section\" data-e-type=\"section\" data-settings=\"{&quot;background_background&quot;:&quot;classic&quot;}\">\n\t\t\t\t\t\t<div class=\"elementor-container elementor-column-gap-default\">\n\t\t\t\t\t<div class=\"elementor-column elementor-col-100 elementor-top-column elementor-element elementor-element-dcc9957\" data-id=\"dcc9957\" data-element_type=\"column\" data-e-type=\"column\">\n\t\t\t<div class=\"elementor-widget-wrap elementor-element-populated\">\n\t\t\t\t\t\t<section class=\"elementor-section elementor-inner-section elementor-element elementor-element-5d76d72 elementor-section-boxed elementor-section-height-default elementor-section-height-default\" data-id=\"5d76d72\" data-element_type=\"section\" data-e-type=\"section\">\n\t\t\t\t\t\t<div class=\"elementor-container elementor-column-gap-default\">\n\t\t\t\t\t<div class=\"elementor-column elementor-col-100 elementor-inner-column elementor-element elementor-element-f385a8e\" data-id=\"f385a8e\" data-element_type=\"column\" data-e-type=\"column\">\n\t\t\t<div class=\"elementor-widget-wrap\">\n\t\t\t\t\t\t\t<\/div>\n\t\t<\/div>\n\t\t\t\t\t<\/div>\n\t\t<\/section>\n\t\t\t\t\t<\/div>\n\t\t<\/div>\n\t\t\t\t\t<\/div>\n\t\t<\/section>\n\t\t\t\t<\/div>","protected":false},"excerpt":{"rendered":"<p>Customer Data Name Last Name Email Contact Number Passport or ID Residence address City of residence Country of residence Date of Travel Origin \u2014Santo DomingoAnguillaAntiguaArubaBonaireCura\u00e7aoCaracas, VenezuelaGuadalupeIsla de MargaritaMaracaiboMartiniqueSaint MaartenSaint KittsTortolaValencia, Venezuela Destination \u2014Santo DomingoAnguillaAntiguaArubaBonaireCura\u00e7aoCar acas, VenezuelaGuadalupeIsla de MargaritaMaracaiboMartiniqueSaint MaartenSaint KittsTortolaValencia, Venezuela Indicate if you require an invoice with fiscal value \u2014If requiredNo required... <a class=\"more-link\" href=\"https:\/\/old.skyhighdominicana.com\/en\/cargo-tarjeta-de-credito-a-distancia\/\">continue reading <span class=\"screen-reader-text\">Remote Credit Card Charge<\/span><\/a><\/p>","protected":false},"author":1,"featured_media":0,"parent":0,"menu_order":0,"comment_status":"closed","ping_status":"closed","template":"elementor_header_footer","meta":{"content-type":"","footnotes":""},"class_list":["post-2075","page","type-page","status-publish","hentry","entry"],"yoast_head":"<!-- This site is optimized with the Yoast SEO plugin v22.6 - https:\/\/yoast.com\/wordpress\/plugins\/seo\/ -->\n<title>Cargo Tarjeta de Credito a Distancia - SKYhigh Aviation Services Dominicana S.A.<\/title>\n<meta name=\"robots\" content=\"noindex, follow, max-snippet:-1, max-image-preview:large, max-video-preview:-1\" \/>\n<meta property=\"og:locale\" content=\"en_US\" \/>\n<meta property=\"og:type\" content=\"article\" \/>\n<meta property=\"og:title\" content=\"Cargo Tarjeta de Credito a Distancia - SKYhigh Aviation Services Dominicana S.A.\" \/>\n<meta property=\"og:description\" content=\"Datos del Cliente Nombre Apellido Correo Electronico Numero de Contacto Pasaporte o ID Direcci\u00f3n de residencia Ciudad de residencia Pais de residencia Fecha de Viaje Origen &#8212;Santo DomingoAnguilaAntiguaArubaBonaireCurazaoCaracas, VenezuelaGuadalupeIsla de MargaritaMaracaiboMartinicaSaint MaartenSaint KittsTortolaValencia, Venezuela Destino &#8212;Santo DomingoAnguilaAntiguaArubaBonaireCurazaoCaracas, VenezuelaGuadalupeIsla de MargaritaMaracaiboMartinicaSaint MaartenSaint KittsTortolaValencia, Venezuela Indicar si requiere factura con valor fiscal &#8212;Si se requiereNo se requiere&hellip; Continue reading Cargo Tarjeta de Credito a Distancia\" \/>\n<meta property=\"og:url\" content=\"https:\/\/old.skyhighdominicana.com\/en\/cargo-tarjeta-de-credito-a-distancia\/\" \/>\n<meta property=\"og:site_name\" content=\"SKYhigh Aviation Services Dominicana S.A.\" \/>\n<meta name=\"twitter:card\" content=\"summary_large_image\" \/>\n<meta name=\"twitter:label1\" content=\"Est. reading time\" \/>\n\t<meta name=\"twitter:data1\" content=\"1 minute\" \/>\n<script type=\"application\/ld+json\" class=\"yoast-schema-graph\">{\"@context\":\"https:\/\/schema.org\",\"@graph\":[{\"@type\":\"WebPage\",\"@id\":\"https:\/\/old.skyhighdominicana.com\/cargo-tarjeta-de-credito-a-distancia\/\",\"url\":\"https:\/\/old.skyhighdominicana.com\/cargo-tarjeta-de-credito-a-distancia\/\",\"name\":\"Cargo Tarjeta de Credito a Distancia - SKYhigh Aviation Services Dominicana S.A.\",\"isPartOf\":{\"@id\":\"https:\/\/old.skyhighdominicana.com\/#website\"},\"datePublished\":\"2022-07-05T17:55:57+00:00\",\"dateModified\":\"2022-07-05T17:55:57+00:00\",\"breadcrumb\":{\"@id\":\"https:\/\/old.skyhighdominicana.com\/cargo-tarjeta-de-credito-a-distancia\/#breadcrumb\"},\"inLanguage\":\"en-US\",\"potentialAction\":[{\"@type\":\"ReadAction\",\"target\":[\"https:\/\/old.skyhighdominicana.com\/cargo-tarjeta-de-credito-a-distancia\/\"]}]},{\"@type\":\"BreadcrumbList\",\"@id\":\"https:\/\/old.skyhighdominicana.com\/cargo-tarjeta-de-credito-a-distancia\/#breadcrumb\",\"itemListElement\":[{\"@type\":\"ListItem\",\"position\":1,\"name\":\"Portada\",\"item\":\"https:\/\/old.skyhighdominicana.com\/\"},{\"@type\":\"ListItem\",\"position\":2,\"name\":\"Cargo Tarjeta de Credito a Distancia\"}]},{\"@type\":\"WebSite\",\"@id\":\"https:\/\/old.skyhighdominicana.com\/#website\",\"url\":\"https:\/\/old.skyhighdominicana.com\/\",\"name\":\"SKYhigh Aviation Services Dominicana S.A.\",\"description\":\"Nacidos con la visi\u00f3n de aportar a la aviaci\u00f3n dominicana una empresa con sin\u00f3nimo de calidad\",\"publisher\":{\"@id\":\"https:\/\/old.skyhighdominicana.com\/#organization\"},\"potentialAction\":[{\"@type\":\"SearchAction\",\"target\":{\"@type\":\"EntryPoint\",\"urlTemplate\":\"https:\/\/old.skyhighdominicana.com\/?s={search_term_string}\"},\"query-input\":\"required name=search_term_string\"}],\"inLanguage\":\"en-US\"},{\"@type\":\"Organization\",\"@id\":\"https:\/\/old.skyhighdominicana.com\/#organization\",\"name\":\"SKYhigh Aviation Services Dominicana S.A.\",\"url\":\"https:\/\/old.skyhighdominicana.com\/\",\"logo\":{\"@type\":\"ImageObject\",\"inLanguage\":\"en-US\",\"@id\":\"https:\/\/old.skyhighdominicana.com\/#\/schema\/logo\/image\/\",\"url\":\"https:\/\/old.skyhighdominicana.com\/wp-content\/uploads\/2023\/04\/SKYhigh-Logo-SKYhigh.svg\",\"contentUrl\":\"https:\/\/old.skyhighdominicana.com\/wp-content\/uploads\/2023\/04\/SKYhigh-Logo-SKYhigh.svg\",\"width\":411,\"height\":112,\"caption\":\"SKYhigh Aviation Services Dominicana S.A.\"},\"image\":{\"@id\":\"https:\/\/old.skyhighdominicana.com\/#\/schema\/logo\/image\/\"}}]}<\/script>\n<!-- \/ Yoast SEO plugin. -->","yoast_head_json":{"title":"Cargo Tarjeta de Credito a Distancia - SKYhigh Aviation Services Dominicana S.A.","robots":{"index":"noindex","follow":"follow","max-snippet":"max-snippet:-1","max-image-preview":"max-image-preview:large","max-video-preview":"max-video-preview:-1"},"og_locale":"en_US","og_type":"article","og_title":"Cargo Tarjeta de Credito a Distancia - SKYhigh Aviation Services Dominicana S.A.","og_description":"Datos del Cliente Nombre Apellido Correo Electronico Numero de Contacto Pasaporte o ID Direcci\u00f3n de residencia Ciudad de residencia Pais de residencia Fecha de Viaje Origen &#8212;Santo DomingoAnguilaAntiguaArubaBonaireCurazaoCaracas, VenezuelaGuadalupeIsla de MargaritaMaracaiboMartinicaSaint MaartenSaint KittsTortolaValencia, Venezuela Destino &#8212;Santo DomingoAnguilaAntiguaArubaBonaireCurazaoCaracas, VenezuelaGuadalupeIsla de MargaritaMaracaiboMartinicaSaint MaartenSaint KittsTortolaValencia, Venezuela Indicar si requiere factura con valor fiscal &#8212;Si se requiereNo se requiere&hellip; Continue reading Cargo Tarjeta de Credito a Distancia","og_url":"https:\/\/old.skyhighdominicana.com\/en\/cargo-tarjeta-de-credito-a-distancia\/","og_site_name":"SKYhigh Aviation Services Dominicana S.A.","twitter_card":"summary_large_image","twitter_misc":{"Est. reading time":"1 minute"},"schema":{"@context":"https:\/\/schema.org","@graph":[{"@type":"WebPage","@id":"https:\/\/old.skyhighdominicana.com\/cargo-tarjeta-de-credito-a-distancia\/","url":"https:\/\/old.skyhighdominicana.com\/cargo-tarjeta-de-credito-a-distancia\/","name":"Cargo Tarjeta de Credito a Distancia - SKYhigh Aviation Services Dominicana S.A.","isPartOf":{"@id":"https:\/\/old.skyhighdominicana.com\/#website"},"datePublished":"2022-07-05T17:55:57+00:00","dateModified":"2022-07-05T17:55:57+00:00","breadcrumb":{"@id":"https:\/\/old.skyhighdominicana.com\/cargo-tarjeta-de-credito-a-distancia\/#breadcrumb"},"inLanguage":"en-US","potentialAction":[{"@type":"ReadAction","target":["https:\/\/old.skyhighdominicana.com\/cargo-tarjeta-de-credito-a-distancia\/"]}]},{"@type":"BreadcrumbList","@id":"https:\/\/old.skyhighdominicana.com\/cargo-tarjeta-de-credito-a-distancia\/#breadcrumb","itemListElement":[{"@type":"ListItem","position":1,"name":"Portada","item":"https:\/\/old.skyhighdominicana.com\/"},{"@type":"ListItem","position":2,"name":"Cargo Tarjeta de Credito a Distancia"}]},{"@type":"WebSite","@id":"https:\/\/old.skyhighdominicana.com\/#website","url":"https:\/\/old.skyhighdominicana.com\/","name":"SKYhigh Aviation Services Dominicana SA","description":"Born with the vision of contributing to Dominican aviation a company with a synonym of quality","publisher":{"@id":"https:\/\/old.skyhighdominicana.com\/#organization"},"potentialAction":[{"@type":"SearchAction","target":{"@type":"EntryPoint","urlTemplate":"https:\/\/old.skyhighdominicana.com\/?s={search_term_string}"},"query-input":"required name=search_term_string"}],"inLanguage":"en-US"},{"@type":"Organization","@id":"https:\/\/old.skyhighdominicana.com\/#organization","name":"SKYhigh Aviation Services Dominicana SA","url":"https:\/\/old.skyhighdominicana.com\/","logo":{"@type":"ImageObject","inLanguage":"en-US","@id":"https:\/\/old.skyhighdominicana.com\/#\/schema\/logo\/image\/","url":"https:\/\/old.skyhighdominicana.com\/wp-content\/uploads\/2023\/04\/SKYhigh-Logo-SKYhigh.svg","contentUrl":"https:\/\/old.skyhighdominicana.com\/wp-content\/uploads\/2023\/04\/SKYhigh-Logo-SKYhigh.svg","width":411,"height":112,"caption":"SKYhigh Aviation Services Dominicana S.A."},"image":{"@id":"https:\/\/old.skyhighdominicana.com\/#\/schema\/logo\/image\/"}}]}},"_links":{"self":[{"href":"https:\/\/old.skyhighdominicana.com\/en\/wp-json\/wp\/v2\/pages\/2075","targetHints":{"allow":["GET"]}}],"collection":[{"href":"https:\/\/old.skyhighdominicana.com\/en\/wp-json\/wp\/v2\/pages"}],"about":[{"href":"https:\/\/old.skyhighdominicana.com\/en\/wp-json\/wp\/v2\/types\/page"}],"author":[{"embeddable":true,"href":"https:\/\/old.skyhighdominicana.com\/en\/wp-json\/wp\/v2\/users\/1"}],"replies":[{"embeddable":true,"href":"https:\/\/old.skyhighdominicana.com\/en\/wp-json\/wp\/v2\/comments?post=2075"}],"version-history":[{"count":0,"href":"https:\/\/old.skyhighdominicana.com\/en\/wp-json\/wp\/v2\/pages\/2075\/revisions"}],"wp:attachment":[{"href":"https:\/\/old.skyhighdominicana.com\/en\/wp-json\/wp\/v2\/media?parent=2075"}],"curies":[{"name":"wp","href":"https:\/\/api.w.org\/{rel}","templated":true}]}}