{"id":1602,"date":"2022-06-14T05:11:02","date_gmt":"2022-06-14T05:11:02","guid":{"rendered":"https:\/\/old.skyhighdominicana.com\/?page_id=1602"},"modified":"2023-05-21T03:12:06","modified_gmt":"2023-05-21T03:12:06","slug":"equipo","status":"publish","type":"page","link":"https:\/\/old.skyhighdominicana.com\/en\/historia\/equipo\/","title":{"rendered":"Our team"},"content":{"rendered":"<div data-elementor-type=\"wp-page\" data-elementor-id=\"1602\" class=\"elementor elementor-1602\" data-elementor-post-type=\"page\">\n\t\t\t\t\t\t<section class=\"elementor-section elementor-top-section elementor-element elementor-element-44adf09 elementor-section-height-min-height elementor-section-boxed elementor-section-height-default elementor-section-items-middle\" data-id=\"44adf09\" data-element_type=\"section\" data-e-type=\"section\" data-settings=\"{&quot;background_background&quot;:&quot;classic&quot;}\">\n\t\t\t\t\t\t<div class=\"elementor-container elementor-column-gap-no\">\n\t\t\t\t\t<div class=\"elementor-column elementor-col-100 elementor-top-column elementor-element elementor-element-6e928ce\" data-id=\"6e928ce\" data-element_type=\"column\" data-e-type=\"column\" data-settings=\"{&quot;background_background&quot;:&quot;classic&quot;}\">\n\t\t\t<div class=\"elementor-widget-wrap\">\n\t\t\t\t\t<div class=\"elementor-background-overlay\"><\/div>\n\t\t\t\t\t\t\t<\/div>\n\t\t<\/div>\n\t\t\t\t\t<\/div>\n\t\t<\/section>\n\t\t\t\t<section class=\"elementor-section elementor-top-section elementor-element elementor-element-577f63e8 elementor-hidden-desktop elementor-hidden-tablet elementor-hidden-mobile elementor-section-boxed elementor-section-height-default elementor-section-height-default\" data-id=\"577f63e8\" data-element_type=\"section\" data-e-type=\"section\" data-settings=\"{&quot;background_background&quot;:&quot;classic&quot;}\">\n\t\t\t\t\t\t\t<div class=\"elementor-background-overlay\"><\/div>\n\t\t\t\t\t\t\t<div class=\"elementor-container elementor-column-gap-no\">\n\t\t\t\t\t<div class=\"elementor-column elementor-col-66 elementor-top-column elementor-element elementor-element-21adb873\" data-id=\"21adb873\" data-element_type=\"column\" data-e-type=\"column\">\n\t\t\t<div class=\"elementor-widget-wrap elementor-element-populated\">\n\t\t\t\t\t\t<section class=\"elementor-section elementor-inner-section elementor-element elementor-element-486d31ee elementor-section-boxed elementor-section-height-default elementor-section-height-default\" data-id=\"486d31ee\" data-element_type=\"section\" data-e-type=\"section\">\n\t\t\t\t\t\t<div class=\"elementor-container elementor-column-gap-default\">\n\t\t\t\t\t<div class=\"elementor-column elementor-col-33 elementor-inner-column elementor-element elementor-element-54ac4a1f\" data-id=\"54ac4a1f\" data-element_type=\"column\" data-e-type=\"column\">\n\t\t\t<div class=\"elementor-widget-wrap\">\n\t\t\t\t\t\t\t<\/div>\n\t\t<\/div>\n\t\t\t\t<div class=\"elementor-column elementor-col-33 elementor-inner-column elementor-element elementor-element-21ef1a24\" data-id=\"21ef1a24\" data-element_type=\"column\" data-e-type=\"column\">\n\t\t\t<div class=\"elementor-widget-wrap\">\n\t\t\t\t\t\t\t<\/div>\n\t\t<\/div>\n\t\t\t\t<div class=\"elementor-column elementor-col-33 elementor-inner-column elementor-element elementor-element-c757980\" data-id=\"c757980\" data-element_type=\"column\" data-e-type=\"column\">\n\t\t\t<div class=\"elementor-widget-wrap\">\n\t\t\t\t\t\t\t<\/div>\n\t\t<\/div>\n\t\t\t\t\t<\/div>\n\t\t<\/section>\n\t\t\t\t\t<\/div>\n\t\t<\/div>\n\t\t\t\t<div class=\"elementor-column elementor-col-33 elementor-top-column elementor-element elementor-element-6dce02cd animated-slow elementor-invisible\" data-id=\"6dce02cd\" data-element_type=\"column\" data-e-type=\"column\" data-settings=\"{&quot;background_background&quot;:&quot;classic&quot;,&quot;animation&quot;:&quot;slideInDown&quot;,&quot;animation_delay&quot;:300}\">\n\t\t\t<div class=\"elementor-widget-wrap elementor-element-populated\">\n\t\t\t\t\t\t<section class=\"elementor-section elementor-inner-section elementor-element elementor-element-53b120f1 elementor-section-boxed elementor-section-height-default elementor-section-height-default\" data-id=\"53b120f1\" data-element_type=\"section\" data-e-type=\"section\">\n\t\t\t\t\t\t<div class=\"elementor-container elementor-column-gap-default\">\n\t\t\t\t\t<div class=\"elementor-column elementor-col-100 elementor-inner-column elementor-element elementor-element-1549d1bb\" data-id=\"1549d1bb\" data-element_type=\"column\" data-e-type=\"column\" data-settings=\"{&quot;background_background&quot;:&quot;classic&quot;}\">\n\t\t\t<div class=\"elementor-widget-wrap elementor-element-populated\">\n\t\t\t\t\t\t<div class=\"elementor-element elementor-element-5a470782 elementor-widget elementor-widget-text-editor\" data-id=\"5a470782\" data-element_type=\"widget\" data-e-type=\"widget\" data-widget_type=\"text-editor.default\">\n\t\t\t\t<div class=\"elementor-widget-container\">\n\t\t\t\t\t\t\t\t\tAt SKYhigh Dominicana, we have a team of professionals committed and identified with offering our passengers a service with quality standards, which strives every day to meet the objectives established by our company.\t\t\t\t\t\t\t\t<\/div>\n\t\t\t\t<\/div>\n\t\t\t\t\t<\/div>\n\t\t<\/div>\n\t\t\t\t\t<\/div>\n\t\t<\/section>\n\t\t\t\t\t<\/div>\n\t\t<\/div>\n\t\t\t\t\t<\/div>\n\t\t<\/section>\n\t\t\t\t<section class=\"elementor-section elementor-top-section elementor-element elementor-element-197a0d1 elementor-section-boxed elementor-section-height-default elementor-section-height-default\" data-id=\"197a0d1\" data-element_type=\"section\" data-e-type=\"section\" data-settings=\"{&quot;background_background&quot;:&quot;classic&quot;}\">\n\t\t\t\t\t\t\t<div class=\"elementor-background-overlay\"><\/div>\n\t\t\t\t\t\t\t<div class=\"elementor-container elementor-column-gap-no\">\n\t\t\t\t\t<div class=\"elementor-column elementor-col-100 elementor-top-column elementor-element elementor-element-2deeed2 animated-slow elementor-invisible\" data-id=\"2deeed2\" data-element_type=\"column\" data-e-type=\"column\" data-settings=\"{&quot;background_background&quot;:&quot;classic&quot;,&quot;animation&quot;:&quot;slideInDown&quot;,&quot;animation_delay&quot;:300}\">\n\t\t\t<div class=\"elementor-widget-wrap elementor-element-populated\">\n\t\t\t\t\t\t<section class=\"elementor-section elementor-inner-section elementor-element elementor-element-bff00d5 elementor-section-boxed elementor-section-height-default elementor-section-height-default\" data-id=\"bff00d5\" data-element_type=\"section\" data-e-type=\"section\">\n\t\t\t\t\t\t<div class=\"elementor-container elementor-column-gap-default\">\n\t\t\t\t\t<div class=\"elementor-column elementor-col-100 elementor-inner-column elementor-element elementor-element-a3e53c6\" data-id=\"a3e53c6\" data-element_type=\"column\" data-e-type=\"column\" data-settings=\"{&quot;background_background&quot;:&quot;classic&quot;}\">\n\t\t\t<div class=\"elementor-widget-wrap elementor-element-populated\">\n\t\t\t\t\t\t<div class=\"elementor-element elementor-element-1b520a0 elementor-widget elementor-widget-text-editor\" data-id=\"1b520a0\" data-element_type=\"widget\" data-e-type=\"widget\" data-widget_type=\"text-editor.default\">\n\t\t\t\t<div class=\"elementor-widget-container\">\n\t\t\t\t\t\t\t\t\tAt SKYhigh Dominicana, we have a team of professionals committed and identified with offering our passengers a service with quality standards, which strives every day to meet the objectives established by our company.\t\t\t\t\t\t\t\t<\/div>\n\t\t\t\t<\/div>\n\t\t\t\t\t<\/div>\n\t\t<\/div>\n\t\t\t\t\t<\/div>\n\t\t<\/section>\n\t\t\t\t\t<\/div>\n\t\t<\/div>\n\t\t\t\t\t<\/div>\n\t\t<\/section>\n\t\t\t\t<\/div>","protected":false},"excerpt":{"rendered":"<p>At SKYhigh Dominicana, we have a team of professionals committed and identified with offering our passengers a service with quality standards, which every day strives to meet the objectives established by our company.At SKYhigh Dominicana, we have a team of professionals committed and identified with offering our passengers a service\u2026 <a class=\"more-link\" href=\"https:\/\/old.skyhighdominicana.com\/en\/historia\/equipo\/\">continue reading <span class=\"screen-reader-text\">Our team<\/span><\/a><\/p>","protected":false},"author":1,"featured_media":0,"parent":530,"menu_order":0,"comment_status":"closed","ping_status":"closed","template":"elementor_header_footer","meta":{"content-type":"","footnotes":""},"class_list":["post-1602","page","type-page","status-publish","hentry","entry"],"yoast_head":"<!-- This site is optimized with the Yoast SEO plugin v22.6 - https:\/\/yoast.com\/wordpress\/plugins\/seo\/ -->\n<title>Nuestro Equipo - SKYhigh Aviation Services Dominicana S.A.<\/title>\n<meta name=\"robots\" content=\"noindex, follow, max-snippet:-1, max-image-preview:large, max-video-preview:-1\" \/>\n<meta property=\"og:locale\" content=\"en_US\" \/>\n<meta property=\"og:type\" content=\"article\" \/>\n<meta property=\"og:title\" content=\"Nuestro Equipo - SKYhigh Aviation Services Dominicana S.A.\" \/>\n<meta property=\"og:description\" content=\"En SKYhigh Dominicana, contamos con un equipo de profesionales comprometidos e identificados con ofrecer a nuestros pasajeros un servicio con est\u00e1ndares de calidad, que cada d\u00eda se esfuerza por cumplir con los objetivos establecidos por nuestra empresa.En SKYhigh Dominicana, contamos con un equipo de profesionales comprometidos e identificados con ofrecer a nuestros pasajeros un servicio&hellip; Continue reading Nuestro Equipo\" \/>\n<meta property=\"og:url\" content=\"https:\/\/old.skyhighdominicana.com\/en\/historia\/equipo\/\" \/>\n<meta property=\"og:site_name\" content=\"SKYhigh Aviation Services Dominicana S.A.\" \/>\n<meta property=\"article:modified_time\" content=\"2023-05-21T03:12:06+00:00\" \/>\n<meta name=\"twitter:card\" content=\"summary_large_image\" \/>\n<meta name=\"twitter:label1\" content=\"Est. reading time\" \/>\n\t<meta name=\"twitter:data1\" content=\"1 minute\" \/>\n<script type=\"application\/ld+json\" class=\"yoast-schema-graph\">{\"@context\":\"https:\/\/schema.org\",\"@graph\":[{\"@type\":\"WebPage\",\"@id\":\"https:\/\/old.skyhighdominicana.com\/historia\/equipo\/\",\"url\":\"https:\/\/old.skyhighdominicana.com\/historia\/equipo\/\",\"name\":\"Nuestro Equipo - SKYhigh Aviation Services Dominicana S.A.\",\"isPartOf\":{\"@id\":\"https:\/\/old.skyhighdominicana.com\/#website\"},\"datePublished\":\"2022-06-14T05:11:02+00:00\",\"dateModified\":\"2023-05-21T03:12:06+00:00\",\"breadcrumb\":{\"@id\":\"https:\/\/old.skyhighdominicana.com\/historia\/equipo\/#breadcrumb\"},\"inLanguage\":\"en-US\",\"potentialAction\":[{\"@type\":\"ReadAction\",\"target\":[\"https:\/\/old.skyhighdominicana.com\/historia\/equipo\/\"]}]},{\"@type\":\"BreadcrumbList\",\"@id\":\"https:\/\/old.skyhighdominicana.com\/historia\/equipo\/#breadcrumb\",\"itemListElement\":[{\"@type\":\"ListItem\",\"position\":1,\"name\":\"Portada\",\"item\":\"https:\/\/old.skyhighdominicana.com\/\"},{\"@type\":\"ListItem\",\"position\":2,\"name\":\"Nuestra Historia\",\"item\":\"https:\/\/old.skyhighdominicana.com\/historia\/\"},{\"@type\":\"ListItem\",\"position\":3,\"name\":\"Nuestro Equipo\"}]},{\"@type\":\"WebSite\",\"@id\":\"https:\/\/old.skyhighdominicana.com\/#website\",\"url\":\"https:\/\/old.skyhighdominicana.com\/\",\"name\":\"SKYhigh Aviation Services Dominicana S.A.\",\"description\":\"Nacidos con la visi\u00f3n de aportar a la aviaci\u00f3n dominicana una empresa con sin\u00f3nimo de calidad\",\"publisher\":{\"@id\":\"https:\/\/old.skyhighdominicana.com\/#organization\"},\"potentialAction\":[{\"@type\":\"SearchAction\",\"target\":{\"@type\":\"EntryPoint\",\"urlTemplate\":\"https:\/\/old.skyhighdominicana.com\/?s={search_term_string}\"},\"query-input\":\"required name=search_term_string\"}],\"inLanguage\":\"en-US\"},{\"@type\":\"Organization\",\"@id\":\"https:\/\/old.skyhighdominicana.com\/#organization\",\"name\":\"SKYhigh Aviation Services Dominicana S.A.\",\"url\":\"https:\/\/old.skyhighdominicana.com\/\",\"logo\":{\"@type\":\"ImageObject\",\"inLanguage\":\"en-US\",\"@id\":\"https:\/\/old.skyhighdominicana.com\/#\/schema\/logo\/image\/\",\"url\":\"https:\/\/old.skyhighdominicana.com\/wp-content\/uploads\/2023\/04\/SKYhigh-Logo-SKYhigh.svg\",\"contentUrl\":\"https:\/\/old.skyhighdominicana.com\/wp-content\/uploads\/2023\/04\/SKYhigh-Logo-SKYhigh.svg\",\"width\":411,\"height\":112,\"caption\":\"SKYhigh Aviation Services Dominicana S.A.\"},\"image\":{\"@id\":\"https:\/\/old.skyhighdominicana.com\/#\/schema\/logo\/image\/\"}}]}<\/script>\n<!-- \/ Yoast SEO plugin. -->","yoast_head_json":{"title":"Nuestro Equipo - SKYhigh Aviation Services Dominicana S.A.","robots":{"index":"noindex","follow":"follow","max-snippet":"max-snippet:-1","max-image-preview":"max-image-preview:large","max-video-preview":"max-video-preview:-1"},"og_locale":"en_US","og_type":"article","og_title":"Nuestro Equipo - SKYhigh Aviation Services Dominicana S.A.","og_description":"En SKYhigh Dominicana, contamos con un equipo de profesionales comprometidos e identificados con ofrecer a nuestros pasajeros un servicio con est\u00e1ndares de calidad, que cada d\u00eda se esfuerza por cumplir con los objetivos establecidos por nuestra empresa.En SKYhigh Dominicana, contamos con un equipo de profesionales comprometidos e identificados con ofrecer a nuestros pasajeros un servicio&hellip; Continue reading Nuestro Equipo","og_url":"https:\/\/old.skyhighdominicana.com\/en\/historia\/equipo\/","og_site_name":"SKYhigh Aviation Services Dominicana S.A.","article_modified_time":"2023-05-21T03:12:06+00:00","twitter_card":"summary_large_image","twitter_misc":{"Est. reading time":"1 minute"},"schema":{"@context":"https:\/\/schema.org","@graph":[{"@type":"WebPage","@id":"https:\/\/old.skyhighdominicana.com\/historia\/equipo\/","url":"https:\/\/old.skyhighdominicana.com\/historia\/equipo\/","name":"Nuestro Equipo - SKYhigh Aviation Services Dominicana S.A.","isPartOf":{"@id":"https:\/\/old.skyhighdominicana.com\/#website"},"datePublished":"2022-06-14T05:11:02+00:00","dateModified":"2023-05-21T03:12:06+00:00","breadcrumb":{"@id":"https:\/\/old.skyhighdominicana.com\/historia\/equipo\/#breadcrumb"},"inLanguage":"en-US","potentialAction":[{"@type":"ReadAction","target":["https:\/\/old.skyhighdominicana.com\/historia\/equipo\/"]}]},{"@type":"BreadcrumbList","@id":"https:\/\/old.skyhighdominicana.com\/historia\/equipo\/#breadcrumb","itemListElement":[{"@type":"ListItem","position":1,"name":"Portada","item":"https:\/\/old.skyhighdominicana.com\/"},{"@type":"ListItem","position":2,"name":"Nuestra Historia","item":"https:\/\/old.skyhighdominicana.com\/historia\/"},{"@type":"ListItem","position":3,"name":"Nuestro Equipo"}]},{"@type":"WebSite","@id":"https:\/\/old.skyhighdominicana.com\/#website","url":"https:\/\/old.skyhighdominicana.com\/","name":"SKYhigh Aviation Services Dominicana SA","description":"Born with the vision of contributing to Dominican aviation a company with a synonym of quality","publisher":{"@id":"https:\/\/old.skyhighdominicana.com\/#organization"},"potentialAction":[{"@type":"SearchAction","target":{"@type":"EntryPoint","urlTemplate":"https:\/\/old.skyhighdominicana.com\/?s={search_term_string}"},"query-input":"required name=search_term_string"}],"inLanguage":"en-US"},{"@type":"Organization","@id":"https:\/\/old.skyhighdominicana.com\/#organization","name":"SKYhigh Aviation Services Dominicana SA","url":"https:\/\/old.skyhighdominicana.com\/","logo":{"@type":"ImageObject","inLanguage":"en-US","@id":"https:\/\/old.skyhighdominicana.com\/#\/schema\/logo\/image\/","url":"https:\/\/old.skyhighdominicana.com\/wp-content\/uploads\/2023\/04\/SKYhigh-Logo-SKYhigh.svg","contentUrl":"https:\/\/old.skyhighdominicana.com\/wp-content\/uploads\/2023\/04\/SKYhigh-Logo-SKYhigh.svg","width":411,"height":112,"caption":"SKYhigh Aviation Services Dominicana S.A."},"image":{"@id":"https:\/\/old.skyhighdominicana.com\/#\/schema\/logo\/image\/"}}]}},"_links":{"self":[{"href":"https:\/\/old.skyhighdominicana.com\/en\/wp-json\/wp\/v2\/pages\/1602","targetHints":{"allow":["GET"]}}],"collection":[{"href":"https:\/\/old.skyhighdominicana.com\/en\/wp-json\/wp\/v2\/pages"}],"about":[{"href":"https:\/\/old.skyhighdominicana.com\/en\/wp-json\/wp\/v2\/types\/page"}],"author":[{"embeddable":true,"href":"https:\/\/old.skyhighdominicana.com\/en\/wp-json\/wp\/v2\/users\/1"}],"replies":[{"embeddable":true,"href":"https:\/\/old.skyhighdominicana.com\/en\/wp-json\/wp\/v2\/comments?post=1602"}],"version-history":[{"count":3,"href":"https:\/\/old.skyhighdominicana.com\/en\/wp-json\/wp\/v2\/pages\/1602\/revisions"}],"predecessor-version":[{"id":7482,"href":"https:\/\/old.skyhighdominicana.com\/en\/wp-json\/wp\/v2\/pages\/1602\/revisions\/7482"}],"up":[{"embeddable":true,"href":"https:\/\/old.skyhighdominicana.com\/en\/wp-json\/wp\/v2\/pages\/530"}],"wp:attachment":[{"href":"https:\/\/old.skyhighdominicana.com\/en\/wp-json\/wp\/v2\/media?parent=1602"}],"curies":[{"name":"wp","href":"https:\/\/api.w.org\/{rel}","templated":true}]}}